{"id":101885,"date":"2026-03-23T13:45:31","date_gmt":"2026-03-23T05:45:31","guid":{"rendered":"https:\/\/funtoread.com.hk\/?post_type=product&#038;p=101885"},"modified":"2026-03-23T13:45:32","modified_gmt":"2026-03-23T05:45:32","slug":"9780823452422","status":"publish","type":"product","link":"https:\/\/funtoread.com.hk\/en\/product\/9780823452422\/","title":{"rendered":"Chinese New Year Colors"},"content":{"rendered":"<p><span class=\"a-text-bold\" style=\"color: rgb(15, 17, 17);font-family: &quot;Amazon Ember&quot;, Arial, sans-serif;font-size: 14px;background-color: rgb(255, 255, 255);font-weight: 700 !important\"><\/span><\/p>\n<div class=\"auto-hide-last-sibling-br paragraph-JOTKXA paragraph-element br-paragraph-space\" style=\"border: 0px solid;margin-right: 0px;margin-bottom: 0px;margin-left: 0px;padding: 0px;line-height: 28px;font-family: Inter, -apple-system, BlinkMacSystemFont, &quot;Segoe UI&quot;, &quot;SF Pro SC&quot;, &quot;SF Pro Display&quot;, &quot;SF Pro Icons&quot;, &quot;PingFang SC&quot;, &quot;Hiragino Sans GB&quot;, &quot;Microsoft YaHei&quot;, &quot;Helvetica Neue&quot;, Helvetica, Arial, sans-serif;background-color: rgb(255, 255, 255);margin-top: 0px !important;color: rgba(0, 0, 0, 0.85) !important\">&nbsp;<\/div>\n<p><span class=\"a-text-bold\" style=\"color: rgb(15, 17, 17);font-family: &quot;Amazon Ember&quot;, Arial, sans-serif;font-size: 14px;background-color: rgb(255, 255, 255);font-weight: 700 !important\">This bilingual color concept book celebrates a rainbow of traditional objects seen during the Chinese New Year.<\/span><span style=\"color: rgb(15, 17, 17);font-family: &quot;Amazon Ember&quot;, Arial, sans-serif;font-size: 14px;background-color: rgb(255, 255, 255)\"><\/p>\n<p><\/span><span class=\"a-text-italic\" style=\"color: rgb(15, 17, 17);font-family: &quot;Amazon Ember&quot;, Arial, sans-serif;font-size: 14px;background-color: rgb(255, 255, 255);font-style: italic !important\">H\u00f3ng<\/span><span style=\"color: rgb(15, 17, 17);font-family: &quot;Amazon Ember&quot;, Arial, sans-serif;font-size: 14px;background-color: rgb(255, 255, 255)\">&nbsp;is the color of explosive firecrackers!&nbsp;<\/span><span class=\"a-text-italic\" style=\"color: rgb(15, 17, 17);font-family: &quot;Amazon Ember&quot;, Arial, sans-serif;font-size: 14px;background-color: rgb(255, 255, 255);font-style: italic !important\">J\u012bn<\/span><span style=\"color: rgb(15, 17, 17);font-family: &quot;Amazon Ember&quot;, Arial, sans-serif;font-size: 14px;background-color: rgb(255, 255, 255)\">&nbsp;is the hue of lucky coins.&nbsp;<\/span><span class=\"a-text-italic\" style=\"color: rgb(15, 17, 17);font-family: &quot;Amazon Ember&quot;, Arial, sans-serif;font-size: 14px;background-color: rgb(255, 255, 255);font-style: italic !important\">Z\u014fng<\/span><span style=\"color: rgb(15, 17, 17);font-family: &quot;Amazon Ember&quot;, Arial, sans-serif;font-size: 14px;background-color: rgb(255, 255, 255)\">&nbsp;is the shade of sweet peanut puffs. Welcome to the festivities of the Chinese New Year, where symbolic gifts, foods, and objects come together in a celebration of beautiful colors.<\/p>\n<p>This vibrant, simple, and highly graphic bilingual book is the perfect introduction to Chinese and English words for colors as it honors one of the biggest holidays around the world. Includes informative back matter.<\/span><\/p>\n","protected":false},"excerpt":{"rendered":"<p>&nbsp; This bilingual color concept book celebrates a rainbow of traditional objects seen during the Chinese New Year. H\u00f3ng&nbsp;is the color of explosive firecrackers!&nbsp;J\u012bn&nbsp;is the hue of lucky coins.&nbsp;Z\u014fng&nbsp;is the shade of sweet peanut puffs. Welcome to the festivities of the Chinese New Year, where symbolic gifts, foods, and objects come together in a celebration [&hellip;]<\/p>\n","protected":false},"featured_media":101884,"template":"","meta":[],"product_cat":[138,147,66,29,45],"product_tag":[],"bundle_layout":"","bundled_by":[],"bundled_items":[],"yoast_head":"<!-- This site is optimized with the Yoast SEO plugin v21.4 - https:\/\/yoast.com\/wordpress\/plugins\/seo\/ -->\n<title>Chinese New Year Colors - Fun To Read Book Outlet<\/title>\n<meta name=\"robots\" content=\"index, follow, max-snippet:-1, max-image-preview:large, max-video-preview:-1\" \/>\n<link rel=\"canonical\" href=\"https:\/\/funtoread.com.hk\/en\/product\/9780823452422\/\" \/>\n<meta property=\"og:locale\" content=\"en_US\" \/>\n<meta property=\"og:type\" content=\"article\" \/>\n<meta property=\"og:title\" content=\"Chinese New Year Colors - Fun To Read Book Outlet\" \/>\n<meta property=\"og:description\" content=\"&nbsp; This bilingual color concept book celebrates a rainbow of traditional objects seen during the Chinese New Year. H\u00f3ng&nbsp;is the color of explosive firecrackers!&nbsp;J\u012bn&nbsp;is the hue of lucky coins.&nbsp;Z\u014fng&nbsp;is the shade of sweet peanut puffs. Welcome to the festivities of the Chinese New Year, where symbolic gifts, foods, and objects come together in a celebration [&hellip;]\" \/>\n<meta property=\"og:url\" content=\"https:\/\/funtoread.com.hk\/en\/product\/9780823452422\/\" \/>\n<meta property=\"og:site_name\" content=\"Fun To Read Book Outlet\" \/>\n<meta property=\"article:publisher\" content=\"https:\/\/www.facebook.com\/funtoreadbookooutlet\" \/>\n<meta property=\"article:modified_time\" content=\"2026-03-23T05:45:32+00:00\" \/>\n<meta property=\"og:image\" content=\"https:\/\/www.funtoread.com.cn\/uploads\/2025\/09\/9780823452422.jpg\" \/>\n\t<meta property=\"og:image:width\" content=\"800\" \/>\n\t<meta property=\"og:image:height\" content=\"800\" \/>\n\t<meta property=\"og:image:type\" content=\"image\/jpeg\" \/>\n<meta name=\"twitter:card\" content=\"summary_large_image\" \/>\n<meta name=\"twitter:label1\" content=\"Est. reading time\" \/>\n\t<meta name=\"twitter:data1\" content=\"1 minute\" \/>\n<script type=\"application\/ld+json\" class=\"yoast-schema-graph\">{\"@context\":\"https:\/\/schema.org\",\"@graph\":[{\"@type\":\"WebPage\",\"@id\":\"https:\/\/funtoread.com.hk\/en\/product\/9780823452422\/\",\"url\":\"https:\/\/funtoread.com.hk\/en\/product\/9780823452422\/\",\"name\":\"Chinese New Year Colors - Fun To Read Book Outlet\",\"isPartOf\":{\"@id\":\"https:\/\/funtoread.com.hk\/#website\"},\"datePublished\":\"2026-03-23T05:45:31+00:00\",\"dateModified\":\"2026-03-23T05:45:32+00:00\",\"breadcrumb\":{\"@id\":\"https:\/\/funtoread.com.hk\/en\/product\/9780823452422\/#breadcrumb\"},\"inLanguage\":\"en-US\",\"potentialAction\":[{\"@type\":\"ReadAction\",\"target\":[\"https:\/\/funtoread.com.hk\/en\/product\/9780823452422\/\"]}]},{\"@type\":\"BreadcrumbList\",\"@id\":\"https:\/\/funtoread.com.hk\/en\/product\/9780823452422\/#breadcrumb\",\"itemListElement\":[{\"@type\":\"ListItem\",\"position\":1,\"name\":\"Home\",\"item\":\"https:\/\/funtoread.com.hk\/en\/\"},{\"@type\":\"ListItem\",\"position\":2,\"name\":\"Shop\",\"item\":\"https:\/\/funtoread.com.hk\/en\/shop\/\"},{\"@type\":\"ListItem\",\"position\":3,\"name\":\"Chinese New Year Colors\"}]},{\"@type\":\"WebSite\",\"@id\":\"https:\/\/funtoread.com.hk\/#website\",\"url\":\"https:\/\/funtoread.com.hk\/\",\"name\":\"Fun To Read Book Outlet\",\"description\":\"Welcome to Fun To Read Book Outlet\",\"publisher\":{\"@id\":\"https:\/\/funtoread.com.hk\/#organization\"},\"alternateName\":\"Fun To Read\",\"potentialAction\":[{\"@type\":\"SearchAction\",\"target\":{\"@type\":\"EntryPoint\",\"urlTemplate\":\"https:\/\/funtoread.com.hk\/?s={search_term_string}\"},\"query-input\":\"required name=search_term_string\"}],\"inLanguage\":\"en-US\"},{\"@type\":\"Organization\",\"@id\":\"https:\/\/funtoread.com.hk\/#organization\",\"name\":\"Fun To Read Book Outlet\",\"alternateName\":\"Fun To Read\",\"url\":\"https:\/\/funtoread.com.hk\/\",\"logo\":{\"@type\":\"ImageObject\",\"inLanguage\":\"en-US\",\"@id\":\"https:\/\/funtoread.com.hk\/#\/schema\/logo\/image\/\",\"url\":\"https:\/\/www.funtoread.com.cn\/uploads\/2018\/04\/funtoread-logo_120.png\",\"contentUrl\":\"https:\/\/www.funtoread.com.cn\/uploads\/2018\/04\/funtoread-logo_120.png\",\"width\":120,\"height\":120,\"caption\":\"Fun To Read Book Outlet\"},\"image\":{\"@id\":\"https:\/\/funtoread.com.hk\/#\/schema\/logo\/image\/\"},\"sameAs\":[\"https:\/\/www.facebook.com\/funtoreadbookooutlet\",\"https:\/\/www.instagram.com\/funtoreadbookoutlet\/\"]}]}<\/script>\n<!-- \/ Yoast SEO plugin. -->","yoast_head_json":{"title":"Chinese New Year Colors - Fun To Read Book Outlet","robots":{"index":"index","follow":"follow","max-snippet":"max-snippet:-1","max-image-preview":"max-image-preview:large","max-video-preview":"max-video-preview:-1"},"canonical":"https:\/\/funtoread.com.hk\/en\/product\/9780823452422\/","og_locale":"en_US","og_type":"article","og_title":"Chinese New Year Colors - Fun To Read Book Outlet","og_description":"&nbsp; This bilingual color concept book celebrates a rainbow of traditional objects seen during the Chinese New Year. H\u00f3ng&nbsp;is the color of explosive firecrackers!&nbsp;J\u012bn&nbsp;is the hue of lucky coins.&nbsp;Z\u014fng&nbsp;is the shade of sweet peanut puffs. Welcome to the festivities of the Chinese New Year, where symbolic gifts, foods, and objects come together in a celebration [&hellip;]","og_url":"https:\/\/funtoread.com.hk\/en\/product\/9780823452422\/","og_site_name":"Fun To Read Book Outlet","article_publisher":"https:\/\/www.facebook.com\/funtoreadbookooutlet","article_modified_time":"2026-03-23T05:45:32+00:00","og_image":[{"width":800,"height":800,"url":"https:\/\/www.funtoread.com.cn\/uploads\/2025\/09\/9780823452422.jpg","type":"image\/jpeg"}],"twitter_card":"summary_large_image","twitter_misc":{"Est. reading time":"1 minute"},"schema":{"@context":"https:\/\/schema.org","@graph":[{"@type":"WebPage","@id":"https:\/\/funtoread.com.hk\/en\/product\/9780823452422\/","url":"https:\/\/funtoread.com.hk\/en\/product\/9780823452422\/","name":"Chinese New Year Colors - Fun To Read Book Outlet","isPartOf":{"@id":"https:\/\/funtoread.com.hk\/#website"},"datePublished":"2026-03-23T05:45:31+00:00","dateModified":"2026-03-23T05:45:32+00:00","breadcrumb":{"@id":"https:\/\/funtoread.com.hk\/en\/product\/9780823452422\/#breadcrumb"},"inLanguage":"en-US","potentialAction":[{"@type":"ReadAction","target":["https:\/\/funtoread.com.hk\/en\/product\/9780823452422\/"]}]},{"@type":"BreadcrumbList","@id":"https:\/\/funtoread.com.hk\/en\/product\/9780823452422\/#breadcrumb","itemListElement":[{"@type":"ListItem","position":1,"name":"Home","item":"https:\/\/funtoread.com.hk\/en\/"},{"@type":"ListItem","position":2,"name":"Shop","item":"https:\/\/funtoread.com.hk\/en\/shop\/"},{"@type":"ListItem","position":3,"name":"Chinese New Year Colors"}]},{"@type":"WebSite","@id":"https:\/\/funtoread.com.hk\/#website","url":"https:\/\/funtoread.com.hk\/","name":"Fun To Read Book Outlet","description":"Welcome to Fun To Read Book Outlet","publisher":{"@id":"https:\/\/funtoread.com.hk\/#organization"},"alternateName":"Fun To Read","potentialAction":[{"@type":"SearchAction","target":{"@type":"EntryPoint","urlTemplate":"https:\/\/funtoread.com.hk\/?s={search_term_string}"},"query-input":"required name=search_term_string"}],"inLanguage":"en-US"},{"@type":"Organization","@id":"https:\/\/funtoread.com.hk\/#organization","name":"Fun To Read Book Outlet","alternateName":"Fun To Read","url":"https:\/\/funtoread.com.hk\/","logo":{"@type":"ImageObject","inLanguage":"en-US","@id":"https:\/\/funtoread.com.hk\/#\/schema\/logo\/image\/","url":"https:\/\/www.funtoread.com.cn\/uploads\/2018\/04\/funtoread-logo_120.png","contentUrl":"https:\/\/www.funtoread.com.cn\/uploads\/2018\/04\/funtoread-logo_120.png","width":120,"height":120,"caption":"Fun To Read Book Outlet"},"image":{"@id":"https:\/\/funtoread.com.hk\/#\/schema\/logo\/image\/"},"sameAs":["https:\/\/www.facebook.com\/funtoreadbookooutlet","https:\/\/www.instagram.com\/funtoreadbookoutlet\/"]}]}},"jetpack_sharing_enabled":true,"_links":{"self":[{"href":"https:\/\/funtoread.com.hk\/en\/wp-json\/wp\/v2\/product\/101885"}],"collection":[{"href":"https:\/\/funtoread.com.hk\/en\/wp-json\/wp\/v2\/product"}],"about":[{"href":"https:\/\/funtoread.com.hk\/en\/wp-json\/wp\/v2\/types\/product"}],"wp:featuredmedia":[{"embeddable":true,"href":"https:\/\/funtoread.com.hk\/en\/wp-json\/wp\/v2\/media\/101884"}],"wp:attachment":[{"href":"https:\/\/funtoread.com.hk\/en\/wp-json\/wp\/v2\/media?parent=101885"}],"wp:term":[{"taxonomy":"product_cat","embeddable":true,"href":"https:\/\/funtoread.com.hk\/en\/wp-json\/wp\/v2\/product_cat?post=101885"},{"taxonomy":"product_tag","embeddable":true,"href":"https:\/\/funtoread.com.hk\/en\/wp-json\/wp\/v2\/product_tag?post=101885"}],"curies":[{"name":"wp","href":"https:\/\/api.w.org\/{rel}","templated":true}]}}