{"id":115327,"date":"2026-04-29T10:15:58","date_gmt":"2026-04-29T02:15:58","guid":{"rendered":"https:\/\/funtoread.com.hk\/?post_type=product&#038;p=115327"},"modified":"2026-05-02T23:10:47","modified_gmt":"2026-05-02T15:10:47","slug":"9781419759574","status":"publish","type":"product","link":"https:\/\/funtoread.com.hk\/en\/product\/9781419759574\/","title":{"rendered":"Super Boba Caf\u00e9"},"content":{"rendered":"<p><span style=\"color: #0f1111; font-family: 'Amazon Ember', Arial, sans-serif; font-size: 14px; background-color: #ffffff;\">In the fog-laden hills of San Francisco sits a sleepy independent boba caf\u00e9. Run by Jing Li and guarded by her kitty, Bao, it comfortably fades into the background. But inside the boba caf\u00e9, there\u2019s a secret. Jing is the keeper of the monster of San Francisco. Each day she prepares one giant boba for nine hours to feed it.<\/span><br \/>\n<span style=\"color: #0f1111; font-family: 'Amazon Ember', Arial, sans-serif; font-size: 14px; background-color: #ffffff;\">When Jing\u2019s granddaughter, Aria, comes to stay with her for the summer, she makes it her mission to turn the caf\u00e9 around. Aria is quickly aided by Bao, who gives birth to eight perfect kittens.<\/span><br \/>\n<span style=\"color: #0f1111; font-family: 'Amazon Ember', Arial, sans-serif; font-size: 14px; background-color: #ffffff;\">Aria spreads the news of the boba cat caf\u00e9 on social media and overnight it is overrun with excited customers. Each day Nainai Li (Grandma Li) finds reasons to close the caf\u00e9, but the demand only increases.<\/span><\/p>\n","protected":false},"excerpt":{"rendered":"<p>In the fog-laden hills of San Francisco sits a sleepy independent boba caf\u00e9. Run by Jing Li and guarded by her kitty, Bao, it comfortably fades into the background. But inside the boba caf\u00e9, there\u2019s a secret. Jing is the keeper of the monster of San Francisco. Each day she prepares one giant boba for [&hellip;]<\/p>\n","protected":false},"featured_media":115320,"template":"","meta":[],"product_cat":[139,154,155,95,29],"product_tag":[],"bundle_layout":"","bundled_by":[],"bundled_items":[],"yoast_head":"<!-- This site is optimized with the Yoast SEO plugin v21.4 - https:\/\/yoast.com\/wordpress\/plugins\/seo\/ -->\n<title>Super Boba Caf\u00e9 - Fun To Read Book Outlet<\/title>\n<meta name=\"robots\" content=\"index, follow, max-snippet:-1, max-image-preview:large, max-video-preview:-1\" \/>\n<link rel=\"canonical\" href=\"https:\/\/funtoread.com.hk\/en\/product\/9781419759574\/\" \/>\n<meta property=\"og:locale\" content=\"en_US\" \/>\n<meta property=\"og:type\" content=\"article\" \/>\n<meta property=\"og:title\" content=\"Super Boba Caf\u00e9 - Fun To Read Book Outlet\" \/>\n<meta property=\"og:description\" content=\"In the fog-laden hills of San Francisco sits a sleepy independent boba caf\u00e9. Run by Jing Li and guarded by her kitty, Bao, it comfortably fades into the background. But inside the boba caf\u00e9, there\u2019s a secret. Jing is the keeper of the monster of San Francisco. Each day she prepares one giant boba for [&hellip;]\" \/>\n<meta property=\"og:url\" content=\"https:\/\/funtoread.com.hk\/en\/product\/9781419759574\/\" \/>\n<meta property=\"og:site_name\" content=\"Fun To Read Book Outlet\" \/>\n<meta property=\"article:publisher\" content=\"https:\/\/www.facebook.com\/funtoreadbookooutlet\" \/>\n<meta property=\"article:modified_time\" content=\"2026-05-02T15:10:47+00:00\" \/>\n<meta property=\"og:image\" content=\"https:\/\/www.funtoread.com.cn\/uploads\/2026\/04\/image_1-106.jpg\" \/>\n\t<meta property=\"og:image:width\" content=\"800\" \/>\n\t<meta property=\"og:image:height\" content=\"800\" \/>\n\t<meta property=\"og:image:type\" content=\"image\/jpeg\" \/>\n<meta name=\"twitter:card\" content=\"summary_large_image\" \/>\n<meta name=\"twitter:label1\" content=\"Est. reading time\" \/>\n\t<meta name=\"twitter:data1\" content=\"1 minute\" \/>\n<script type=\"application\/ld+json\" class=\"yoast-schema-graph\">{\"@context\":\"https:\/\/schema.org\",\"@graph\":[{\"@type\":\"WebPage\",\"@id\":\"https:\/\/funtoread.com.hk\/en\/product\/9781419759574\/\",\"url\":\"https:\/\/funtoread.com.hk\/en\/product\/9781419759574\/\",\"name\":\"Super Boba Caf\u00e9 - Fun To Read Book Outlet\",\"isPartOf\":{\"@id\":\"https:\/\/funtoread.com.hk\/#website\"},\"datePublished\":\"2026-04-29T02:15:58+00:00\",\"dateModified\":\"2026-05-02T15:10:47+00:00\",\"breadcrumb\":{\"@id\":\"https:\/\/funtoread.com.hk\/en\/product\/9781419759574\/#breadcrumb\"},\"inLanguage\":\"en-US\",\"potentialAction\":[{\"@type\":\"ReadAction\",\"target\":[\"https:\/\/funtoread.com.hk\/en\/product\/9781419759574\/\"]}]},{\"@type\":\"BreadcrumbList\",\"@id\":\"https:\/\/funtoread.com.hk\/en\/product\/9781419759574\/#breadcrumb\",\"itemListElement\":[{\"@type\":\"ListItem\",\"position\":1,\"name\":\"Home\",\"item\":\"https:\/\/funtoread.com.hk\/en\/\"},{\"@type\":\"ListItem\",\"position\":2,\"name\":\"Shop\",\"item\":\"https:\/\/funtoread.com.hk\/en\/shop\/\"},{\"@type\":\"ListItem\",\"position\":3,\"name\":\"Super Boba Caf\u00e9\"}]},{\"@type\":\"WebSite\",\"@id\":\"https:\/\/funtoread.com.hk\/#website\",\"url\":\"https:\/\/funtoread.com.hk\/\",\"name\":\"Fun To Read Book Outlet\",\"description\":\"Welcome to Fun To Read Book Outlet\",\"publisher\":{\"@id\":\"https:\/\/funtoread.com.hk\/#organization\"},\"alternateName\":\"Fun To Read\",\"potentialAction\":[{\"@type\":\"SearchAction\",\"target\":{\"@type\":\"EntryPoint\",\"urlTemplate\":\"https:\/\/funtoread.com.hk\/?s={search_term_string}\"},\"query-input\":\"required name=search_term_string\"}],\"inLanguage\":\"en-US\"},{\"@type\":\"Organization\",\"@id\":\"https:\/\/funtoread.com.hk\/#organization\",\"name\":\"Fun To Read Book Outlet\",\"alternateName\":\"Fun To Read\",\"url\":\"https:\/\/funtoread.com.hk\/\",\"logo\":{\"@type\":\"ImageObject\",\"inLanguage\":\"en-US\",\"@id\":\"https:\/\/funtoread.com.hk\/#\/schema\/logo\/image\/\",\"url\":\"https:\/\/www.funtoread.com.cn\/uploads\/2018\/04\/funtoread-logo_120.png\",\"contentUrl\":\"https:\/\/www.funtoread.com.cn\/uploads\/2018\/04\/funtoread-logo_120.png\",\"width\":120,\"height\":120,\"caption\":\"Fun To Read Book Outlet\"},\"image\":{\"@id\":\"https:\/\/funtoread.com.hk\/#\/schema\/logo\/image\/\"},\"sameAs\":[\"https:\/\/www.facebook.com\/funtoreadbookooutlet\",\"https:\/\/www.instagram.com\/funtoreadbookoutlet\/\"]}]}<\/script>\n<!-- \/ Yoast SEO plugin. -->","yoast_head_json":{"title":"Super Boba Caf\u00e9 - Fun To Read Book Outlet","robots":{"index":"index","follow":"follow","max-snippet":"max-snippet:-1","max-image-preview":"max-image-preview:large","max-video-preview":"max-video-preview:-1"},"canonical":"https:\/\/funtoread.com.hk\/en\/product\/9781419759574\/","og_locale":"en_US","og_type":"article","og_title":"Super Boba Caf\u00e9 - Fun To Read Book Outlet","og_description":"In the fog-laden hills of San Francisco sits a sleepy independent boba caf\u00e9. Run by Jing Li and guarded by her kitty, Bao, it comfortably fades into the background. But inside the boba caf\u00e9, there\u2019s a secret. Jing is the keeper of the monster of San Francisco. Each day she prepares one giant boba for [&hellip;]","og_url":"https:\/\/funtoread.com.hk\/en\/product\/9781419759574\/","og_site_name":"Fun To Read Book Outlet","article_publisher":"https:\/\/www.facebook.com\/funtoreadbookooutlet","article_modified_time":"2026-05-02T15:10:47+00:00","og_image":[{"width":800,"height":800,"url":"https:\/\/www.funtoread.com.cn\/uploads\/2026\/04\/image_1-106.jpg","type":"image\/jpeg"}],"twitter_card":"summary_large_image","twitter_misc":{"Est. reading time":"1 minute"},"schema":{"@context":"https:\/\/schema.org","@graph":[{"@type":"WebPage","@id":"https:\/\/funtoread.com.hk\/en\/product\/9781419759574\/","url":"https:\/\/funtoread.com.hk\/en\/product\/9781419759574\/","name":"Super Boba Caf\u00e9 - Fun To Read Book Outlet","isPartOf":{"@id":"https:\/\/funtoread.com.hk\/#website"},"datePublished":"2026-04-29T02:15:58+00:00","dateModified":"2026-05-02T15:10:47+00:00","breadcrumb":{"@id":"https:\/\/funtoread.com.hk\/en\/product\/9781419759574\/#breadcrumb"},"inLanguage":"en-US","potentialAction":[{"@type":"ReadAction","target":["https:\/\/funtoread.com.hk\/en\/product\/9781419759574\/"]}]},{"@type":"BreadcrumbList","@id":"https:\/\/funtoread.com.hk\/en\/product\/9781419759574\/#breadcrumb","itemListElement":[{"@type":"ListItem","position":1,"name":"Home","item":"https:\/\/funtoread.com.hk\/en\/"},{"@type":"ListItem","position":2,"name":"Shop","item":"https:\/\/funtoread.com.hk\/en\/shop\/"},{"@type":"ListItem","position":3,"name":"Super Boba Caf\u00e9"}]},{"@type":"WebSite","@id":"https:\/\/funtoread.com.hk\/#website","url":"https:\/\/funtoread.com.hk\/","name":"Fun To Read Book Outlet","description":"Welcome to Fun To Read Book Outlet","publisher":{"@id":"https:\/\/funtoread.com.hk\/#organization"},"alternateName":"Fun To Read","potentialAction":[{"@type":"SearchAction","target":{"@type":"EntryPoint","urlTemplate":"https:\/\/funtoread.com.hk\/?s={search_term_string}"},"query-input":"required name=search_term_string"}],"inLanguage":"en-US"},{"@type":"Organization","@id":"https:\/\/funtoread.com.hk\/#organization","name":"Fun To Read Book Outlet","alternateName":"Fun To Read","url":"https:\/\/funtoread.com.hk\/","logo":{"@type":"ImageObject","inLanguage":"en-US","@id":"https:\/\/funtoread.com.hk\/#\/schema\/logo\/image\/","url":"https:\/\/www.funtoread.com.cn\/uploads\/2018\/04\/funtoread-logo_120.png","contentUrl":"https:\/\/www.funtoread.com.cn\/uploads\/2018\/04\/funtoread-logo_120.png","width":120,"height":120,"caption":"Fun To Read Book Outlet"},"image":{"@id":"https:\/\/funtoread.com.hk\/#\/schema\/logo\/image\/"},"sameAs":["https:\/\/www.facebook.com\/funtoreadbookooutlet","https:\/\/www.instagram.com\/funtoreadbookoutlet\/"]}]}},"jetpack_sharing_enabled":true,"_links":{"self":[{"href":"https:\/\/funtoread.com.hk\/en\/wp-json\/wp\/v2\/product\/115327"}],"collection":[{"href":"https:\/\/funtoread.com.hk\/en\/wp-json\/wp\/v2\/product"}],"about":[{"href":"https:\/\/funtoread.com.hk\/en\/wp-json\/wp\/v2\/types\/product"}],"wp:featuredmedia":[{"embeddable":true,"href":"https:\/\/funtoread.com.hk\/en\/wp-json\/wp\/v2\/media\/115320"}],"wp:attachment":[{"href":"https:\/\/funtoread.com.hk\/en\/wp-json\/wp\/v2\/media?parent=115327"}],"wp:term":[{"taxonomy":"product_cat","embeddable":true,"href":"https:\/\/funtoread.com.hk\/en\/wp-json\/wp\/v2\/product_cat?post=115327"},{"taxonomy":"product_tag","embeddable":true,"href":"https:\/\/funtoread.com.hk\/en\/wp-json\/wp\/v2\/product_tag?post=115327"}],"curies":[{"name":"wp","href":"https:\/\/api.w.org\/{rel}","templated":true}]}}