{"id":37553,"date":"2025-04-26T16:55:52","date_gmt":"2025-04-26T08:55:52","guid":{"rendered":"https:\/\/funtoread.com.hk\/?post_type=product&#038;p=37553"},"modified":"2025-06-12T02:14:07","modified_gmt":"2025-06-11T18:14:07","slug":"efren-divided","status":"publish","type":"product","link":"https:\/\/funtoread.com.hk\/en\/product\/efren-divided\/","title":{"rendered":"Efren Divided"},"content":{"rendered":"<p><span class=\"a-text-bold\">Winner of the Pura Belpr\u00e9 Award!<\/span><\/p>\n<p><span class=\"a-text-bold\">&#8220;We need books to break open our hearts, so that we might feel more deeply, so that we might be more human in these unkind times. This is a book doing work of the spirit in a time of darkness.&#8221;\u00a0\u2014Sandra Cisneros, author of\u00a0<\/span><span class=\"a-text-bold a-text-italic\">The House on Mango Street<\/span><span class=\"a-text-bold\">\u00a0<\/span><\/p>\n<p>Efr\u00e9n Nava&#8217;s Am\u00e1 is his Superwoman\u2014or Soperwoman, named after the delicious Mexican sopes his mother often prepares. Both Am\u00e1 and Ap\u00e1 work hard all day to provide for the family, making sure Efr\u00e9n and his younger siblings Max and M\u00eda feel safe and loved.<\/p>\n<p>But Efr\u00e9n worries about his parents; although he&#8217;s American-born, his parents are undocumented. His worst nightmare comes true one day when Am\u00e1 doesn&#8217;t return from work and is deported across the border to Tijuana, M\u00e9xico.<\/p>\n<p>Now more than ever, Efr\u00e9n must channel his inner Soperboy to help take care of and try to reunite his family.<\/p>\n<p>A glossary of Spanish words is included in the back of the book.<\/p>\n","protected":false},"excerpt":{"rendered":"<p>Winner of the Pura Belpr\u00e9 Award! &#8220;We need books to break open our hearts, so that we might feel more deeply, so that we might be more human in these unkind times. This is a book doing work of the spirit in a time of darkness.&#8221;\u00a0\u2014Sandra Cisneros, author of\u00a0The House on Mango Street\u00a0 Efr\u00e9n Nava&#8217;s [&hellip;]<\/p>\n","protected":false},"featured_media":40022,"template":"","meta":[],"product_cat":[108,122,110,139,135,153,141,166,20,29],"product_tag":[100,101,243,244,78,79],"bundle_layout":"","bundled_by":[],"bundled_items":[],"yoast_head":"<!-- This site is optimized with the Yoast SEO plugin v21.4 - https:\/\/yoast.com\/wordpress\/plugins\/seo\/ -->\n<title>Efren Divided - Fun To Read Book Outlet<\/title>\n<meta name=\"robots\" content=\"index, follow, max-snippet:-1, max-image-preview:large, max-video-preview:-1\" \/>\n<link rel=\"canonical\" href=\"https:\/\/funtoread.com.hk\/product\/efren-divided\/\" \/>\n<meta property=\"og:locale\" content=\"en_US\" \/>\n<meta property=\"og:type\" content=\"article\" \/>\n<meta property=\"og:title\" content=\"Efren Divided - Fun To Read Book Outlet\" \/>\n<meta property=\"og:description\" content=\"Winner of the Pura Belpr\u00e9 Award! &#8220;We need books to break open our hearts, so that we might feel more deeply, so that we might be more human in these unkind times. This is a book doing work of the spirit in a time of darkness.&#8221;\u00a0\u2014Sandra Cisneros, author of\u00a0The House on Mango Street\u00a0 Efr\u00e9n Nava&#8217;s [&hellip;]\" \/>\n<meta property=\"og:url\" content=\"https:\/\/funtoread.com.hk\/product\/efren-divided\/\" \/>\n<meta property=\"og:site_name\" content=\"Fun To Read Book Outlet\" \/>\n<meta property=\"article:publisher\" content=\"https:\/\/www.facebook.com\/funtoreadbookooutlet\" \/>\n<meta property=\"article:modified_time\" content=\"2025-06-11T18:14:07+00:00\" \/>\n<meta property=\"og:image\" content=\"https:\/\/shop-funtoread.oss-cn-hongkong.aliyuncs.com\/uploads\/2022\/08\/9780062881694.jpg\" \/>\n\t<meta property=\"og:image:width\" content=\"800\" \/>\n\t<meta property=\"og:image:height\" content=\"800\" \/>\n\t<meta property=\"og:image:type\" content=\"image\/jpeg\" \/>\n<meta name=\"twitter:card\" content=\"summary_large_image\" \/>\n<meta name=\"twitter:label1\" content=\"Est. reading time\" \/>\n\t<meta name=\"twitter:data1\" content=\"1 minute\" \/>\n<script type=\"application\/ld+json\" class=\"yoast-schema-graph\">{\"@context\":\"https:\/\/schema.org\",\"@graph\":[{\"@type\":\"WebPage\",\"@id\":\"https:\/\/funtoread.com.hk\/product\/efren-divided\/\",\"url\":\"https:\/\/funtoread.com.hk\/product\/efren-divided\/\",\"name\":\"Efren Divided - Fun To Read Book Outlet\",\"isPartOf\":{\"@id\":\"https:\/\/funtoread.com.hk\/#website\"},\"datePublished\":\"2025-04-26T08:55:52+00:00\",\"dateModified\":\"2025-06-11T18:14:07+00:00\",\"breadcrumb\":{\"@id\":\"https:\/\/funtoread.com.hk\/product\/efren-divided\/#breadcrumb\"},\"inLanguage\":\"en-US\",\"potentialAction\":[{\"@type\":\"ReadAction\",\"target\":[\"https:\/\/funtoread.com.hk\/product\/efren-divided\/\"]}]},{\"@type\":\"BreadcrumbList\",\"@id\":\"https:\/\/funtoread.com.hk\/product\/efren-divided\/#breadcrumb\",\"itemListElement\":[{\"@type\":\"ListItem\",\"position\":1,\"name\":\"Home\",\"item\":\"https:\/\/funtoread.com.hk\/en\/\"},{\"@type\":\"ListItem\",\"position\":2,\"name\":\"Shop\",\"item\":\"https:\/\/funtoread.com.hk\/en\/shop\/\"},{\"@type\":\"ListItem\",\"position\":3,\"name\":\"Efren Divided\"}]},{\"@type\":\"WebSite\",\"@id\":\"https:\/\/funtoread.com.hk\/#website\",\"url\":\"https:\/\/funtoread.com.hk\/\",\"name\":\"Fun To Read Book Outlet\",\"description\":\"Welcome to Fun To Read Book Outlet\",\"publisher\":{\"@id\":\"https:\/\/funtoread.com.hk\/#organization\"},\"alternateName\":\"Fun To Read\",\"potentialAction\":[{\"@type\":\"SearchAction\",\"target\":{\"@type\":\"EntryPoint\",\"urlTemplate\":\"https:\/\/funtoread.com.hk\/?s={search_term_string}\"},\"query-input\":\"required name=search_term_string\"}],\"inLanguage\":\"en-US\"},{\"@type\":\"Organization\",\"@id\":\"https:\/\/funtoread.com.hk\/#organization\",\"name\":\"Fun To Read Book Outlet\",\"alternateName\":\"Fun To Read\",\"url\":\"https:\/\/funtoread.com.hk\/\",\"logo\":{\"@type\":\"ImageObject\",\"inLanguage\":\"en-US\",\"@id\":\"https:\/\/funtoread.com.hk\/#\/schema\/logo\/image\/\",\"url\":\"https:\/\/www.funtoread.com.cn\/uploads\/2018\/04\/funtoread-logo_120.png\",\"contentUrl\":\"https:\/\/www.funtoread.com.cn\/uploads\/2018\/04\/funtoread-logo_120.png\",\"width\":120,\"height\":120,\"caption\":\"Fun To Read Book Outlet\"},\"image\":{\"@id\":\"https:\/\/funtoread.com.hk\/#\/schema\/logo\/image\/\"},\"sameAs\":[\"https:\/\/www.facebook.com\/funtoreadbookooutlet\",\"https:\/\/www.instagram.com\/funtoreadbookoutlet\/\"]}]}<\/script>\n<!-- \/ Yoast SEO plugin. -->","yoast_head_json":{"title":"Efren Divided - Fun To Read Book Outlet","robots":{"index":"index","follow":"follow","max-snippet":"max-snippet:-1","max-image-preview":"max-image-preview:large","max-video-preview":"max-video-preview:-1"},"canonical":"https:\/\/funtoread.com.hk\/product\/efren-divided\/","og_locale":"en_US","og_type":"article","og_title":"Efren Divided - Fun To Read Book Outlet","og_description":"Winner of the Pura Belpr\u00e9 Award! &#8220;We need books to break open our hearts, so that we might feel more deeply, so that we might be more human in these unkind times. This is a book doing work of the spirit in a time of darkness.&#8221;\u00a0\u2014Sandra Cisneros, author of\u00a0The House on Mango Street\u00a0 Efr\u00e9n Nava&#8217;s [&hellip;]","og_url":"https:\/\/funtoread.com.hk\/product\/efren-divided\/","og_site_name":"Fun To Read Book Outlet","article_publisher":"https:\/\/www.facebook.com\/funtoreadbookooutlet","article_modified_time":"2025-06-11T18:14:07+00:00","og_image":[{"width":800,"height":800,"url":"https:\/\/shop-funtoread.oss-cn-hongkong.aliyuncs.com\/uploads\/2022\/08\/9780062881694.jpg","type":"image\/jpeg"}],"twitter_card":"summary_large_image","twitter_misc":{"Est. reading time":"1 minute"},"schema":{"@context":"https:\/\/schema.org","@graph":[{"@type":"WebPage","@id":"https:\/\/funtoread.com.hk\/product\/efren-divided\/","url":"https:\/\/funtoread.com.hk\/product\/efren-divided\/","name":"Efren Divided - Fun To Read Book Outlet","isPartOf":{"@id":"https:\/\/funtoread.com.hk\/#website"},"datePublished":"2025-04-26T08:55:52+00:00","dateModified":"2025-06-11T18:14:07+00:00","breadcrumb":{"@id":"https:\/\/funtoread.com.hk\/product\/efren-divided\/#breadcrumb"},"inLanguage":"en-US","potentialAction":[{"@type":"ReadAction","target":["https:\/\/funtoread.com.hk\/product\/efren-divided\/"]}]},{"@type":"BreadcrumbList","@id":"https:\/\/funtoread.com.hk\/product\/efren-divided\/#breadcrumb","itemListElement":[{"@type":"ListItem","position":1,"name":"Home","item":"https:\/\/funtoread.com.hk\/en\/"},{"@type":"ListItem","position":2,"name":"Shop","item":"https:\/\/funtoread.com.hk\/en\/shop\/"},{"@type":"ListItem","position":3,"name":"Efren Divided"}]},{"@type":"WebSite","@id":"https:\/\/funtoread.com.hk\/#website","url":"https:\/\/funtoread.com.hk\/","name":"Fun To Read Book Outlet","description":"Welcome to Fun To Read Book Outlet","publisher":{"@id":"https:\/\/funtoread.com.hk\/#organization"},"alternateName":"Fun To Read","potentialAction":[{"@type":"SearchAction","target":{"@type":"EntryPoint","urlTemplate":"https:\/\/funtoread.com.hk\/?s={search_term_string}"},"query-input":"required name=search_term_string"}],"inLanguage":"en-US"},{"@type":"Organization","@id":"https:\/\/funtoread.com.hk\/#organization","name":"Fun To Read Book Outlet","alternateName":"Fun To Read","url":"https:\/\/funtoread.com.hk\/","logo":{"@type":"ImageObject","inLanguage":"en-US","@id":"https:\/\/funtoread.com.hk\/#\/schema\/logo\/image\/","url":"https:\/\/www.funtoread.com.cn\/uploads\/2018\/04\/funtoread-logo_120.png","contentUrl":"https:\/\/www.funtoread.com.cn\/uploads\/2018\/04\/funtoread-logo_120.png","width":120,"height":120,"caption":"Fun To Read Book Outlet"},"image":{"@id":"https:\/\/funtoread.com.hk\/#\/schema\/logo\/image\/"},"sameAs":["https:\/\/www.facebook.com\/funtoreadbookooutlet","https:\/\/www.instagram.com\/funtoreadbookoutlet\/"]}]}},"jetpack_sharing_enabled":true,"_links":{"self":[{"href":"https:\/\/funtoread.com.hk\/en\/wp-json\/wp\/v2\/product\/37553"}],"collection":[{"href":"https:\/\/funtoread.com.hk\/en\/wp-json\/wp\/v2\/product"}],"about":[{"href":"https:\/\/funtoread.com.hk\/en\/wp-json\/wp\/v2\/types\/product"}],"wp:featuredmedia":[{"embeddable":true,"href":"https:\/\/funtoread.com.hk\/en\/wp-json\/wp\/v2\/media\/40022"}],"wp:attachment":[{"href":"https:\/\/funtoread.com.hk\/en\/wp-json\/wp\/v2\/media?parent=37553"}],"wp:term":[{"taxonomy":"product_cat","embeddable":true,"href":"https:\/\/funtoread.com.hk\/en\/wp-json\/wp\/v2\/product_cat?post=37553"},{"taxonomy":"product_tag","embeddable":true,"href":"https:\/\/funtoread.com.hk\/en\/wp-json\/wp\/v2\/product_tag?post=37553"}],"curies":[{"name":"wp","href":"https:\/\/api.w.org\/{rel}","templated":true}]}}