{"id":57430,"date":"2023-09-23T00:33:21","date_gmt":"2023-09-22T16:33:21","guid":{"rendered":"https:\/\/funtoread.com.hk\/product\/pokemon-journeys-1-3-3-books\/"},"modified":"2024-11-07T13:40:16","modified_gmt":"2024-11-07T05:40:16","slug":"pokemon-journeys-1-3-3-books","status":"publish","type":"product","link":"https:\/\/funtoread.com.hk\/en\/product\/pokemon-journeys-1-3-3-books\/","title":{"rendered":"Pokemon Journeys #1-3 (3 Books)"},"content":{"rendered":"<p>Pok\u00e9mon <span class=\"x3nfvp2 x1j61x8r x1fcty0u xdj266r xhhsvwb xat24cr xgzva0m xxymvpz xlup9mm x1kky2od\"><img decoding=\"async\" src=\"https:\/\/static.xx.fbcdn.net\/images\/emoji.php\/v9\/ta9\/1.5\/16\/1f525.png\" alt=\"\ud83d\udd25\" width=\"16\" height=\"16\" \/><\/span>\uff5e<span class=\"x3nfvp2 x1j61x8r x1fcty0u xdj266r xhhsvwb xat24cr xgzva0m xxymvpz xlup9mm x1kky2od\"><img decoding=\"async\" src=\"https:\/\/static.xx.fbcdn.net\/images\/emoji.php\/v9\/tc5\/1.5\/16\/1f4aa.png\" alt=\"\ud83d\udcaa\" width=\"16\" height=\"16\" \/><\/span><\/p>\n<h3 id=\"title\" class=\"a-spacing-none a-text-normal\"><span id=\"productTitle\" class=\"a-size-extra-large celwidget\" data-csa-c-id=\"d7yyuo-htfewo-u2fshz-yfzgww\" data-cel-widget=\"productTitle\">Pok\u00e9mon Journeys, Vol. 1-3<\/span><\/h3>\n<p><strong><span class=\"a-text-bold\">Ash is back in awesome adventures that take place across multiple regions of the best-selling\u00a0<\/span><span class=\"a-text-bold a-text-italic\">Pok\u00e9mon<\/span><span class=\"a-text-bold\"> video games!<\/span><\/strong><br \/>\nAsh is back and more determined than ever to be a Pok\u00e9mon Master! Now he&#8217;s teamed up with a new friend, Goh, who wants to collect every Pok\u00e9mon from every region!<\/p>\n<h3 id=\"title\" class=\"a-spacing-none a-text-normal\"><span id=\"productTitle\" class=\"a-size-extra-large celwidget\" data-csa-c-id=\"d7yyuo-htfewo-u2fshz-yfzgww\" data-cel-widget=\"productTitle\">Pok\u00e9mon Journeys, Vol. 1<\/span><\/h3>\n<p>When Ash and Pikachu hitch a ride aboard the Legendary Pok\u00e9mon Lugia, they discover another kid is also on board! Meet Goh, who wants to catch every Pok\u00e9mon ever\u2014including Mew! Can Ash and Goh make their lofty dreams come true?<\/p>\n<h3 id=\"title\" class=\"a-spacing-none a-text-normal\"><span id=\"productTitle\" class=\"a-size-extra-large celwidget\" data-csa-c-id=\"d7yyuo-htfewo-u2fshz-yfzgww\" data-cel-widget=\"productTitle\">Pok\u00e9mon Journeys, Vol. 2<\/span><\/h3>\n<p>Ash takes part in the Pok\u00e9mon World Coronation Series to further his plans to become a Pok\u00e9mon Master! Meanwhile, Goh and his new partner Raboot continue to strengthen their bond. But will Raboot be willing to help Goh catch one of every type of Pok\u00e9mon?!<\/p>\n<h3 id=\"title\" class=\"a-spacing-none a-text-normal\"><span id=\"productTitle\" class=\"a-size-extra-large celwidget\" data-csa-c-id=\"d7yyuo-htfewo-u2fshz-yfzgww\" data-cel-widget=\"productTitle\">Pok\u00e9mon Journeys, Vol. 3<\/span><\/h3>\n<p>Ash and Goh encounter Legendary Pok\u00e9mon, including Suicune and Eternatus, as they continue their investigation into the Dynamax phenomenon happening in the Galar region. But their biggest challenge involves one of the most powerful Legendary Pok\u00e9mon ever! Can Ash and Goh handle a battle against Mewtwo?!<\/p>\n","protected":false},"excerpt":{"rendered":"<p>Pok\u00e9mon \uff5e Pok\u00e9mon Journeys, Vol. 1-3 Ash is back in awesome adventures that take place across multiple regions of the best-selling\u00a0Pok\u00e9mon video games! Ash is back and more determined than ever to be a Pok\u00e9mon Master! Now he&#8217;s teamed up with a new friend, Goh, who wants to collect every Pok\u00e9mon from every region! Pok\u00e9mon [&hellip;]<\/p>\n","protected":false},"featured_media":57713,"template":"","meta":[],"product_cat":[108,123,139,154,20,29],"product_tag":[],"bundle_layout":"","bundled_by":[],"bundled_items":[],"yoast_head":"<!-- This site is optimized with the Yoast SEO plugin v21.4 - https:\/\/yoast.com\/wordpress\/plugins\/seo\/ -->\n<title>Pokemon Journeys #1-3 (3 Books) - Fun To Read Book Outlet<\/title>\n<meta name=\"description\" content=\"#Pok\u00e9mon #\u5bf6\u53ef\u5922 #\u76ae\u5361\u4e18\" \/>\n<meta name=\"robots\" content=\"index, follow, max-snippet:-1, max-image-preview:large, max-video-preview:-1\" \/>\n<link rel=\"canonical\" href=\"https:\/\/funtoread.com.hk\/product\/pokemon-journeys-1-3-3-books\/\" \/>\n<meta property=\"og:locale\" content=\"en_US\" \/>\n<meta property=\"og:type\" content=\"article\" \/>\n<meta property=\"og:title\" content=\"Pokemon Journeys #1-3 (3 Books) - Fun To Read Book Outlet\" \/>\n<meta property=\"og:description\" content=\"#Pok\u00e9mon #\u5bf6\u53ef\u5922 #\u76ae\u5361\u4e18\" \/>\n<meta property=\"og:url\" content=\"https:\/\/funtoread.com.hk\/product\/pokemon-journeys-1-3-3-books\/\" \/>\n<meta property=\"og:site_name\" content=\"Fun To Read Book Outlet\" \/>\n<meta property=\"article:publisher\" content=\"https:\/\/www.facebook.com\/funtoreadbookooutlet\" \/>\n<meta property=\"article:modified_time\" content=\"2024-11-07T05:40:16+00:00\" \/>\n<meta property=\"og:image\" content=\"https:\/\/shop-funtoread.oss-cn-hongkong.aliyuncs.com\/uploads\/2023\/09\/90000091483.jpg\" \/>\n\t<meta property=\"og:image:width\" content=\"800\" \/>\n\t<meta property=\"og:image:height\" content=\"800\" \/>\n\t<meta property=\"og:image:type\" content=\"image\/jpeg\" \/>\n<meta name=\"twitter:card\" content=\"summary_large_image\" \/>\n<meta name=\"twitter:label1\" content=\"Est. reading time\" \/>\n\t<meta name=\"twitter:data1\" content=\"1 minute\" \/>\n<script type=\"application\/ld+json\" class=\"yoast-schema-graph\">{\"@context\":\"https:\/\/schema.org\",\"@graph\":[{\"@type\":\"WebPage\",\"@id\":\"https:\/\/funtoread.com.hk\/product\/pokemon-journeys-1-3-3-books\/\",\"url\":\"https:\/\/funtoread.com.hk\/product\/pokemon-journeys-1-3-3-books\/\",\"name\":\"Pokemon Journeys #1-3 (3 Books) - Fun To Read Book Outlet\",\"isPartOf\":{\"@id\":\"https:\/\/funtoread.com.hk\/#website\"},\"datePublished\":\"2023-09-22T16:33:21+00:00\",\"dateModified\":\"2024-11-07T05:40:16+00:00\",\"description\":\"#Pok\u00e9mon #\u5bf6\u53ef\u5922 #\u76ae\u5361\u4e18\",\"breadcrumb\":{\"@id\":\"https:\/\/funtoread.com.hk\/product\/pokemon-journeys-1-3-3-books\/#breadcrumb\"},\"inLanguage\":\"en-US\",\"potentialAction\":[{\"@type\":\"ReadAction\",\"target\":[\"https:\/\/funtoread.com.hk\/product\/pokemon-journeys-1-3-3-books\/\"]}]},{\"@type\":\"BreadcrumbList\",\"@id\":\"https:\/\/funtoread.com.hk\/product\/pokemon-journeys-1-3-3-books\/#breadcrumb\",\"itemListElement\":[{\"@type\":\"ListItem\",\"position\":1,\"name\":\"Home\",\"item\":\"https:\/\/funtoread.com.hk\/en\/\"},{\"@type\":\"ListItem\",\"position\":2,\"name\":\"Shop\",\"item\":\"https:\/\/funtoread.com.hk\/en\/shop\/\"},{\"@type\":\"ListItem\",\"position\":3,\"name\":\"Pokemon Journeys #1-3 (3 Books)\"}]},{\"@type\":\"WebSite\",\"@id\":\"https:\/\/funtoread.com.hk\/#website\",\"url\":\"https:\/\/funtoread.com.hk\/\",\"name\":\"Fun To Read Book Outlet\",\"description\":\"Welcome to Fun To Read Book Outlet\",\"publisher\":{\"@id\":\"https:\/\/funtoread.com.hk\/#organization\"},\"alternateName\":\"Fun To Read\",\"potentialAction\":[{\"@type\":\"SearchAction\",\"target\":{\"@type\":\"EntryPoint\",\"urlTemplate\":\"https:\/\/funtoread.com.hk\/?s={search_term_string}\"},\"query-input\":\"required name=search_term_string\"}],\"inLanguage\":\"en-US\"},{\"@type\":\"Organization\",\"@id\":\"https:\/\/funtoread.com.hk\/#organization\",\"name\":\"Fun To Read Book Outlet\",\"alternateName\":\"Fun To Read\",\"url\":\"https:\/\/funtoread.com.hk\/\",\"logo\":{\"@type\":\"ImageObject\",\"inLanguage\":\"en-US\",\"@id\":\"https:\/\/funtoread.com.hk\/#\/schema\/logo\/image\/\",\"url\":\"https:\/\/www.funtoread.com.cn\/uploads\/2018\/04\/funtoread-logo_120.png\",\"contentUrl\":\"https:\/\/www.funtoread.com.cn\/uploads\/2018\/04\/funtoread-logo_120.png\",\"width\":120,\"height\":120,\"caption\":\"Fun To Read Book Outlet\"},\"image\":{\"@id\":\"https:\/\/funtoread.com.hk\/#\/schema\/logo\/image\/\"},\"sameAs\":[\"https:\/\/www.facebook.com\/funtoreadbookooutlet\",\"https:\/\/www.instagram.com\/funtoreadbookoutlet\/\"]}]}<\/script>\n<!-- \/ Yoast SEO plugin. -->","yoast_head_json":{"title":"Pokemon Journeys #1-3 (3 Books) - Fun To Read Book Outlet","description":"#Pok\u00e9mon #\u5bf6\u53ef\u5922 #\u76ae\u5361\u4e18","robots":{"index":"index","follow":"follow","max-snippet":"max-snippet:-1","max-image-preview":"max-image-preview:large","max-video-preview":"max-video-preview:-1"},"canonical":"https:\/\/funtoread.com.hk\/product\/pokemon-journeys-1-3-3-books\/","og_locale":"en_US","og_type":"article","og_title":"Pokemon Journeys #1-3 (3 Books) - Fun To Read Book Outlet","og_description":"#Pok\u00e9mon #\u5bf6\u53ef\u5922 #\u76ae\u5361\u4e18","og_url":"https:\/\/funtoread.com.hk\/product\/pokemon-journeys-1-3-3-books\/","og_site_name":"Fun To Read Book Outlet","article_publisher":"https:\/\/www.facebook.com\/funtoreadbookooutlet","article_modified_time":"2024-11-07T05:40:16+00:00","og_image":[{"width":800,"height":800,"url":"https:\/\/shop-funtoread.oss-cn-hongkong.aliyuncs.com\/uploads\/2023\/09\/90000091483.jpg","type":"image\/jpeg"}],"twitter_card":"summary_large_image","twitter_misc":{"Est. reading time":"1 minute"},"schema":{"@context":"https:\/\/schema.org","@graph":[{"@type":"WebPage","@id":"https:\/\/funtoread.com.hk\/product\/pokemon-journeys-1-3-3-books\/","url":"https:\/\/funtoread.com.hk\/product\/pokemon-journeys-1-3-3-books\/","name":"Pokemon Journeys #1-3 (3 Books) - Fun To Read Book Outlet","isPartOf":{"@id":"https:\/\/funtoread.com.hk\/#website"},"datePublished":"2023-09-22T16:33:21+00:00","dateModified":"2024-11-07T05:40:16+00:00","description":"#Pok\u00e9mon #\u5bf6\u53ef\u5922 #\u76ae\u5361\u4e18","breadcrumb":{"@id":"https:\/\/funtoread.com.hk\/product\/pokemon-journeys-1-3-3-books\/#breadcrumb"},"inLanguage":"en-US","potentialAction":[{"@type":"ReadAction","target":["https:\/\/funtoread.com.hk\/product\/pokemon-journeys-1-3-3-books\/"]}]},{"@type":"BreadcrumbList","@id":"https:\/\/funtoread.com.hk\/product\/pokemon-journeys-1-3-3-books\/#breadcrumb","itemListElement":[{"@type":"ListItem","position":1,"name":"Home","item":"https:\/\/funtoread.com.hk\/en\/"},{"@type":"ListItem","position":2,"name":"Shop","item":"https:\/\/funtoread.com.hk\/en\/shop\/"},{"@type":"ListItem","position":3,"name":"Pokemon Journeys #1-3 (3 Books)"}]},{"@type":"WebSite","@id":"https:\/\/funtoread.com.hk\/#website","url":"https:\/\/funtoread.com.hk\/","name":"Fun To Read Book Outlet","description":"Welcome to Fun To Read Book Outlet","publisher":{"@id":"https:\/\/funtoread.com.hk\/#organization"},"alternateName":"Fun To Read","potentialAction":[{"@type":"SearchAction","target":{"@type":"EntryPoint","urlTemplate":"https:\/\/funtoread.com.hk\/?s={search_term_string}"},"query-input":"required name=search_term_string"}],"inLanguage":"en-US"},{"@type":"Organization","@id":"https:\/\/funtoread.com.hk\/#organization","name":"Fun To Read Book Outlet","alternateName":"Fun To Read","url":"https:\/\/funtoread.com.hk\/","logo":{"@type":"ImageObject","inLanguage":"en-US","@id":"https:\/\/funtoread.com.hk\/#\/schema\/logo\/image\/","url":"https:\/\/www.funtoread.com.cn\/uploads\/2018\/04\/funtoread-logo_120.png","contentUrl":"https:\/\/www.funtoread.com.cn\/uploads\/2018\/04\/funtoread-logo_120.png","width":120,"height":120,"caption":"Fun To Read Book Outlet"},"image":{"@id":"https:\/\/funtoread.com.hk\/#\/schema\/logo\/image\/"},"sameAs":["https:\/\/www.facebook.com\/funtoreadbookooutlet","https:\/\/www.instagram.com\/funtoreadbookoutlet\/"]}]}},"jetpack_sharing_enabled":true,"_links":{"self":[{"href":"https:\/\/funtoread.com.hk\/en\/wp-json\/wp\/v2\/product\/57430"}],"collection":[{"href":"https:\/\/funtoread.com.hk\/en\/wp-json\/wp\/v2\/product"}],"about":[{"href":"https:\/\/funtoread.com.hk\/en\/wp-json\/wp\/v2\/types\/product"}],"wp:featuredmedia":[{"embeddable":true,"href":"https:\/\/funtoread.com.hk\/en\/wp-json\/wp\/v2\/media\/57713"}],"wp:attachment":[{"href":"https:\/\/funtoread.com.hk\/en\/wp-json\/wp\/v2\/media?parent=57430"}],"wp:term":[{"taxonomy":"product_cat","embeddable":true,"href":"https:\/\/funtoread.com.hk\/en\/wp-json\/wp\/v2\/product_cat?post=57430"},{"taxonomy":"product_tag","embeddable":true,"href":"https:\/\/funtoread.com.hk\/en\/wp-json\/wp\/v2\/product_tag?post=57430"}],"curies":[{"name":"wp","href":"https:\/\/api.w.org\/{rel}","templated":true}]}}