{"id":63043,"date":"2024-01-19T18:34:16","date_gmt":"2024-01-19T10:34:16","guid":{"rendered":"https:\/\/funtoread.com.hk\/?post_type=product&#038;p=63043"},"modified":"2026-01-15T15:50:55","modified_gmt":"2026-01-15T07:50:55","slug":"happy-chinese-new-year-a-festive-counting-story","status":"publish","type":"product","link":"https:\/\/funtoread.com.hk\/en\/product\/happy-chinese-new-year-a-festive-counting-story\/","title":{"rendered":"Happy Chinese New Year!: A Festive Counting Story"},"content":{"rendered":"<p><span class=\"a-text-bold\">Count to twelve with the zodiac animals as they get ready to celebrate Chinese New Year!\u00a0Sweet, colorful illustrations introduce each of the zodiac animals as they bring special items to the celebration.<\/span><\/p>\n<p>X\u012bn Ni\u00e1n Ku\u00e0i L\u00e8!\u00a0Happy Chinese New Year!<\/p>\n<p>The zodiac animals are ready to celebrate Chinese New Year with traditions and a big feast! Little ones can count to twelve as each animal prepares for the holiday:<\/p>\n<p><span class=\"a-text-italic\">Rat cleaned away the bad luck in\u00a0<\/span><span class=\"a-text-bold a-text-italic\">one<\/span><span class=\"a-text-italic\">\u00a0big sweep!<\/span><br \/>\n<span class=\"a-text-italic\">Ox shopped for\u00a0<\/span><span class=\"a-text-bold a-text-italic\">two<\/span><span class=\"a-text-italic\">\u00a0new outfits.<\/span><br \/>\n<span class=\"a-text-italic\">Tiger brought\u00a0<\/span><span class=\"a-text-bold a-text-italic\">three<\/span><span class=\"a-text-italic\">\u00a0kinds of flowers.<\/span><\/p>\n<p>The simple text and vibrant illustrations in this book make it easy for little ones to follow along as the animals&#8217; preparations lead up to a tasty feast followed by a party with music and dancing!<\/p>\n<p>The pages also feature the Chinese characters that correspond to each number highlighted on the page.\u00a0Children will learn to recognize the characters as they read the book again and again, and the pronunciation guide will help them say the words out loud.<\/p>\n<p>In the back of the book, each of the Chinese New Year traditions mentioned in the story is explained in further detail\u2014from the customs of cleaning the house and wearing new clothes to hanging lanterns and making dumplings.<\/p>\n<p>This visually stunning board book has red and gold foil on the cover and is the perfect way to introduce little ones to Chinese New Year and its traditions.<\/p>\n","protected":false},"excerpt":{"rendered":"<p>Count to twelve with the zodiac animals as they get ready to celebrate Chinese New Year!\u00a0Sweet, colorful illustrations introduce each of the zodiac animals as they bring special items to the celebration. X\u012bn Ni\u00e1n Ku\u00e0i L\u00e8!\u00a0Happy Chinese New Year! The zodiac animals are ready to celebrate Chinese New Year with traditions and a big feast! [&hellip;]<\/p>\n","protected":false},"featured_media":63036,"template":"","meta":[],"product_cat":[199,107,200,112,118,269,138,149,20,29],"product_tag":[],"bundle_layout":"","bundled_by":[],"bundled_items":[],"yoast_head":"<!-- This site is optimized with the Yoast SEO plugin v21.4 - https:\/\/yoast.com\/wordpress\/plugins\/seo\/ -->\n<title>Happy Chinese New Year!: A Festive Counting Story - Fun To Read Book Outlet<\/title>\n<meta name=\"robots\" content=\"index, follow, max-snippet:-1, max-image-preview:large, max-video-preview:-1\" \/>\n<link rel=\"canonical\" href=\"https:\/\/funtoread.com.hk\/product\/happy-chinese-new-year-a-festive-counting-story\/\" \/>\n<meta property=\"og:locale\" content=\"en_US\" \/>\n<meta property=\"og:type\" content=\"article\" \/>\n<meta property=\"og:title\" content=\"Happy Chinese New Year!: A Festive Counting Story - Fun To Read Book Outlet\" \/>\n<meta property=\"og:description\" content=\"Count to twelve with the zodiac animals as they get ready to celebrate Chinese New Year!\u00a0Sweet, colorful illustrations introduce each of the zodiac animals as they bring special items to the celebration. X\u012bn Ni\u00e1n Ku\u00e0i L\u00e8!\u00a0Happy Chinese New Year! The zodiac animals are ready to celebrate Chinese New Year with traditions and a big feast! [&hellip;]\" \/>\n<meta property=\"og:url\" content=\"https:\/\/funtoread.com.hk\/product\/happy-chinese-new-year-a-festive-counting-story\/\" \/>\n<meta property=\"og:site_name\" content=\"Fun To Read Book Outlet\" \/>\n<meta property=\"article:publisher\" content=\"https:\/\/www.facebook.com\/funtoreadbookooutlet\" \/>\n<meta property=\"article:modified_time\" content=\"2026-01-15T07:50:55+00:00\" \/>\n<meta property=\"og:image\" content=\"https:\/\/shop-funtoread.oss-cn-hongkong.aliyuncs.com\/uploads\/2024\/01\/9780593562970-1.jpg\" \/>\n\t<meta property=\"og:image:width\" content=\"1500\" \/>\n\t<meta property=\"og:image:height\" content=\"1500\" \/>\n\t<meta property=\"og:image:type\" content=\"image\/jpeg\" \/>\n<meta name=\"twitter:card\" content=\"summary_large_image\" \/>\n<meta name=\"twitter:label1\" content=\"Est. reading time\" \/>\n\t<meta name=\"twitter:data1\" content=\"1 minute\" \/>\n<script type=\"application\/ld+json\" class=\"yoast-schema-graph\">{\"@context\":\"https:\/\/schema.org\",\"@graph\":[{\"@type\":\"WebPage\",\"@id\":\"https:\/\/funtoread.com.hk\/product\/happy-chinese-new-year-a-festive-counting-story\/\",\"url\":\"https:\/\/funtoread.com.hk\/product\/happy-chinese-new-year-a-festive-counting-story\/\",\"name\":\"Happy Chinese New Year!: A Festive Counting Story - Fun To Read Book Outlet\",\"isPartOf\":{\"@id\":\"https:\/\/funtoread.com.hk\/#website\"},\"datePublished\":\"2024-01-19T10:34:16+00:00\",\"dateModified\":\"2026-01-15T07:50:55+00:00\",\"breadcrumb\":{\"@id\":\"https:\/\/funtoread.com.hk\/product\/happy-chinese-new-year-a-festive-counting-story\/#breadcrumb\"},\"inLanguage\":\"en-US\",\"potentialAction\":[{\"@type\":\"ReadAction\",\"target\":[\"https:\/\/funtoread.com.hk\/product\/happy-chinese-new-year-a-festive-counting-story\/\"]}]},{\"@type\":\"BreadcrumbList\",\"@id\":\"https:\/\/funtoread.com.hk\/product\/happy-chinese-new-year-a-festive-counting-story\/#breadcrumb\",\"itemListElement\":[{\"@type\":\"ListItem\",\"position\":1,\"name\":\"Home\",\"item\":\"https:\/\/funtoread.com.hk\/en\/\"},{\"@type\":\"ListItem\",\"position\":2,\"name\":\"Shop\",\"item\":\"https:\/\/funtoread.com.hk\/en\/shop\/\"},{\"@type\":\"ListItem\",\"position\":3,\"name\":\"Happy Chinese New Year!: A Festive Counting Story\"}]},{\"@type\":\"WebSite\",\"@id\":\"https:\/\/funtoread.com.hk\/#website\",\"url\":\"https:\/\/funtoread.com.hk\/\",\"name\":\"Fun To Read Book Outlet\",\"description\":\"Welcome to Fun To Read Book Outlet\",\"publisher\":{\"@id\":\"https:\/\/funtoread.com.hk\/#organization\"},\"alternateName\":\"Fun To Read\",\"potentialAction\":[{\"@type\":\"SearchAction\",\"target\":{\"@type\":\"EntryPoint\",\"urlTemplate\":\"https:\/\/funtoread.com.hk\/?s={search_term_string}\"},\"query-input\":\"required name=search_term_string\"}],\"inLanguage\":\"en-US\"},{\"@type\":\"Organization\",\"@id\":\"https:\/\/funtoread.com.hk\/#organization\",\"name\":\"Fun To Read Book Outlet\",\"alternateName\":\"Fun To Read\",\"url\":\"https:\/\/funtoread.com.hk\/\",\"logo\":{\"@type\":\"ImageObject\",\"inLanguage\":\"en-US\",\"@id\":\"https:\/\/funtoread.com.hk\/#\/schema\/logo\/image\/\",\"url\":\"https:\/\/www.funtoread.com.cn\/uploads\/2018\/04\/funtoread-logo_120.png\",\"contentUrl\":\"https:\/\/www.funtoread.com.cn\/uploads\/2018\/04\/funtoread-logo_120.png\",\"width\":120,\"height\":120,\"caption\":\"Fun To Read Book Outlet\"},\"image\":{\"@id\":\"https:\/\/funtoread.com.hk\/#\/schema\/logo\/image\/\"},\"sameAs\":[\"https:\/\/www.facebook.com\/funtoreadbookooutlet\",\"https:\/\/www.instagram.com\/funtoreadbookoutlet\/\"]}]}<\/script>\n<!-- \/ Yoast SEO plugin. -->","yoast_head_json":{"title":"Happy Chinese New Year!: A Festive Counting Story - Fun To Read Book Outlet","robots":{"index":"index","follow":"follow","max-snippet":"max-snippet:-1","max-image-preview":"max-image-preview:large","max-video-preview":"max-video-preview:-1"},"canonical":"https:\/\/funtoread.com.hk\/product\/happy-chinese-new-year-a-festive-counting-story\/","og_locale":"en_US","og_type":"article","og_title":"Happy Chinese New Year!: A Festive Counting Story - Fun To Read Book Outlet","og_description":"Count to twelve with the zodiac animals as they get ready to celebrate Chinese New Year!\u00a0Sweet, colorful illustrations introduce each of the zodiac animals as they bring special items to the celebration. X\u012bn Ni\u00e1n Ku\u00e0i L\u00e8!\u00a0Happy Chinese New Year! The zodiac animals are ready to celebrate Chinese New Year with traditions and a big feast! [&hellip;]","og_url":"https:\/\/funtoread.com.hk\/product\/happy-chinese-new-year-a-festive-counting-story\/","og_site_name":"Fun To Read Book Outlet","article_publisher":"https:\/\/www.facebook.com\/funtoreadbookooutlet","article_modified_time":"2026-01-15T07:50:55+00:00","og_image":[{"width":1500,"height":1500,"url":"https:\/\/shop-funtoread.oss-cn-hongkong.aliyuncs.com\/uploads\/2024\/01\/9780593562970-1.jpg","type":"image\/jpeg"}],"twitter_card":"summary_large_image","twitter_misc":{"Est. reading time":"1 minute"},"schema":{"@context":"https:\/\/schema.org","@graph":[{"@type":"WebPage","@id":"https:\/\/funtoread.com.hk\/product\/happy-chinese-new-year-a-festive-counting-story\/","url":"https:\/\/funtoread.com.hk\/product\/happy-chinese-new-year-a-festive-counting-story\/","name":"Happy Chinese New Year!: A Festive Counting Story - Fun To Read Book Outlet","isPartOf":{"@id":"https:\/\/funtoread.com.hk\/#website"},"datePublished":"2024-01-19T10:34:16+00:00","dateModified":"2026-01-15T07:50:55+00:00","breadcrumb":{"@id":"https:\/\/funtoread.com.hk\/product\/happy-chinese-new-year-a-festive-counting-story\/#breadcrumb"},"inLanguage":"en-US","potentialAction":[{"@type":"ReadAction","target":["https:\/\/funtoread.com.hk\/product\/happy-chinese-new-year-a-festive-counting-story\/"]}]},{"@type":"BreadcrumbList","@id":"https:\/\/funtoread.com.hk\/product\/happy-chinese-new-year-a-festive-counting-story\/#breadcrumb","itemListElement":[{"@type":"ListItem","position":1,"name":"Home","item":"https:\/\/funtoread.com.hk\/en\/"},{"@type":"ListItem","position":2,"name":"Shop","item":"https:\/\/funtoread.com.hk\/en\/shop\/"},{"@type":"ListItem","position":3,"name":"Happy Chinese New Year!: A Festive Counting Story"}]},{"@type":"WebSite","@id":"https:\/\/funtoread.com.hk\/#website","url":"https:\/\/funtoread.com.hk\/","name":"Fun To Read Book Outlet","description":"Welcome to Fun To Read Book Outlet","publisher":{"@id":"https:\/\/funtoread.com.hk\/#organization"},"alternateName":"Fun To Read","potentialAction":[{"@type":"SearchAction","target":{"@type":"EntryPoint","urlTemplate":"https:\/\/funtoread.com.hk\/?s={search_term_string}"},"query-input":"required name=search_term_string"}],"inLanguage":"en-US"},{"@type":"Organization","@id":"https:\/\/funtoread.com.hk\/#organization","name":"Fun To Read Book Outlet","alternateName":"Fun To Read","url":"https:\/\/funtoread.com.hk\/","logo":{"@type":"ImageObject","inLanguage":"en-US","@id":"https:\/\/funtoread.com.hk\/#\/schema\/logo\/image\/","url":"https:\/\/www.funtoread.com.cn\/uploads\/2018\/04\/funtoread-logo_120.png","contentUrl":"https:\/\/www.funtoread.com.cn\/uploads\/2018\/04\/funtoread-logo_120.png","width":120,"height":120,"caption":"Fun To Read Book Outlet"},"image":{"@id":"https:\/\/funtoread.com.hk\/#\/schema\/logo\/image\/"},"sameAs":["https:\/\/www.facebook.com\/funtoreadbookooutlet","https:\/\/www.instagram.com\/funtoreadbookoutlet\/"]}]}},"jetpack_sharing_enabled":true,"_links":{"self":[{"href":"https:\/\/funtoread.com.hk\/en\/wp-json\/wp\/v2\/product\/63043"}],"collection":[{"href":"https:\/\/funtoread.com.hk\/en\/wp-json\/wp\/v2\/product"}],"about":[{"href":"https:\/\/funtoread.com.hk\/en\/wp-json\/wp\/v2\/types\/product"}],"wp:featuredmedia":[{"embeddable":true,"href":"https:\/\/funtoread.com.hk\/en\/wp-json\/wp\/v2\/media\/63036"}],"wp:attachment":[{"href":"https:\/\/funtoread.com.hk\/en\/wp-json\/wp\/v2\/media?parent=63043"}],"wp:term":[{"taxonomy":"product_cat","embeddable":true,"href":"https:\/\/funtoread.com.hk\/en\/wp-json\/wp\/v2\/product_cat?post=63043"},{"taxonomy":"product_tag","embeddable":true,"href":"https:\/\/funtoread.com.hk\/en\/wp-json\/wp\/v2\/product_tag?post=63043"}],"curies":[{"name":"wp","href":"https:\/\/api.w.org\/{rel}","templated":true}]}}