{"id":69455,"date":"2024-04-26T15:59:13","date_gmt":"2024-04-26T07:59:13","guid":{"rendered":"https:\/\/funtoread.com.hk\/?post_type=product&#038;p=69455"},"modified":"2024-07-07T12:01:08","modified_gmt":"2024-07-07T04:01:08","slug":"9781789467949","status":"publish","type":"product","link":"https:\/\/funtoread.com.hk\/en\/product\/9781789467949\/","title":{"rendered":"Ultimate Football Heroes-\u00c1lvarez"},"content":{"rendered":"<p>Juli\u00e1n \u00c1lvarez12\uff0c.18\uff0c\uff0c\uff0c\uff0c.<\/p>\n<p>Juli\u00e1n \u00c1lvarez&#039;s extravagant football skills won him a youth team place at the famous Argentinian club River Plate at the age of 12, and he quickly rose through the ranks. By 18, the gifted striker was showcasing his prowess in the Copa Libertadores and, before long, represented Argentina in international competitions, earning praise as one of the nation&#039;s brightest young talents. In 2022, Europe&#039;s top clubs took notice, and Juli\u00e1n made a high-profile transfer to spearhead the attack of one of the continent&#039;s footballing giants: Manchester City.<\/p>\n<p>Follow one of the most remarkable football journeys of modern times, from local leagues in Cordoba to lighting up the biggest stages in international football &#8211; and winning the biggest prizes in the sport.<\/p>\n","protected":false},"excerpt":{"rendered":"<p>Juli\u00e1n \u00c1lvarez12\uff0c.18\uff0c\uff0c\uff0c\uff0c. Juli\u00e1n \u00c1lvarez&#039;s extravagant football skills won him a youth team place at the famous Argentinian club River Plate at the age of 12, and he quickly rose through the ranks. By 18, the gifted striker was showcasing his prowess in the Copa Libertadores and, before long, represented Argentina in international competitions, earning praise [&hellip;]<\/p>\n","protected":false},"featured_media":69454,"template":"","meta":[],"product_cat":[139,267,29],"product_tag":[],"bundle_layout":"","bundled_by":[],"bundled_items":[],"yoast_head":"<!-- This site is optimized with the Yoast SEO plugin v21.4 - https:\/\/yoast.com\/wordpress\/plugins\/seo\/ -->\n<title>Ultimate Football Heroes-\u00c1lvarez - Fun To Read Book Outlet<\/title>\n<meta name=\"robots\" content=\"index, follow, max-snippet:-1, max-image-preview:large, max-video-preview:-1\" \/>\n<link rel=\"canonical\" href=\"https:\/\/funtoread.com.hk\/en\/product\/9781789467949\/\" \/>\n<meta property=\"og:locale\" content=\"en_US\" \/>\n<meta property=\"og:type\" content=\"article\" \/>\n<meta property=\"og:title\" content=\"Ultimate Football Heroes-\u00c1lvarez - Fun To Read Book Outlet\" \/>\n<meta property=\"og:description\" content=\"Juli\u00e1n \u00c1lvarez12\uff0c.18\uff0c\uff0c\uff0c\uff0c. Juli\u00e1n \u00c1lvarez&#039;s extravagant football skills won him a youth team place at the famous Argentinian club River Plate at the age of 12, and he quickly rose through the ranks. By 18, the gifted striker was showcasing his prowess in the Copa Libertadores and, before long, represented Argentina in international competitions, earning praise [&hellip;]\" \/>\n<meta property=\"og:url\" content=\"https:\/\/funtoread.com.hk\/en\/product\/9781789467949\/\" \/>\n<meta property=\"og:site_name\" content=\"Fun To Read Book Outlet\" \/>\n<meta property=\"article:publisher\" content=\"https:\/\/www.facebook.com\/funtoreadbookooutlet\" \/>\n<meta property=\"article:modified_time\" content=\"2024-07-07T04:01:08+00:00\" \/>\n<meta property=\"og:image\" content=\"https:\/\/shop-funtoread.oss-cn-hongkong.aliyuncs.com\/uploads\/2024\/04\/9781789467949.jpg\" \/>\n\t<meta property=\"og:image:width\" content=\"800\" \/>\n\t<meta property=\"og:image:height\" content=\"800\" \/>\n\t<meta property=\"og:image:type\" content=\"image\/jpeg\" \/>\n<meta name=\"twitter:card\" content=\"summary_large_image\" \/>\n<meta name=\"twitter:label1\" content=\"Est. reading time\" \/>\n\t<meta name=\"twitter:data1\" content=\"1 minute\" \/>\n<script type=\"application\/ld+json\" class=\"yoast-schema-graph\">{\"@context\":\"https:\/\/schema.org\",\"@graph\":[{\"@type\":\"WebPage\",\"@id\":\"https:\/\/funtoread.com.hk\/en\/product\/9781789467949\/\",\"url\":\"https:\/\/funtoread.com.hk\/en\/product\/9781789467949\/\",\"name\":\"Ultimate Football Heroes-\u00c1lvarez - Fun To Read Book Outlet\",\"isPartOf\":{\"@id\":\"https:\/\/funtoread.com.hk\/#website\"},\"datePublished\":\"2024-04-26T07:59:13+00:00\",\"dateModified\":\"2024-07-07T04:01:08+00:00\",\"breadcrumb\":{\"@id\":\"https:\/\/funtoread.com.hk\/en\/product\/9781789467949\/#breadcrumb\"},\"inLanguage\":\"en-US\",\"potentialAction\":[{\"@type\":\"ReadAction\",\"target\":[\"https:\/\/funtoread.com.hk\/en\/product\/9781789467949\/\"]}]},{\"@type\":\"BreadcrumbList\",\"@id\":\"https:\/\/funtoread.com.hk\/en\/product\/9781789467949\/#breadcrumb\",\"itemListElement\":[{\"@type\":\"ListItem\",\"position\":1,\"name\":\"Home\",\"item\":\"https:\/\/funtoread.com.hk\/en\/\"},{\"@type\":\"ListItem\",\"position\":2,\"name\":\"Shop\",\"item\":\"https:\/\/funtoread.com.hk\/en\/shop\/\"},{\"@type\":\"ListItem\",\"position\":3,\"name\":\"Ultimate Football Heroes-\u00c1lvarez\"}]},{\"@type\":\"WebSite\",\"@id\":\"https:\/\/funtoread.com.hk\/#website\",\"url\":\"https:\/\/funtoread.com.hk\/\",\"name\":\"Fun To Read Book Outlet\",\"description\":\"Welcome to Fun To Read Book Outlet\",\"publisher\":{\"@id\":\"https:\/\/funtoread.com.hk\/#organization\"},\"alternateName\":\"Fun To Read\",\"potentialAction\":[{\"@type\":\"SearchAction\",\"target\":{\"@type\":\"EntryPoint\",\"urlTemplate\":\"https:\/\/funtoread.com.hk\/?s={search_term_string}\"},\"query-input\":\"required name=search_term_string\"}],\"inLanguage\":\"en-US\"},{\"@type\":\"Organization\",\"@id\":\"https:\/\/funtoread.com.hk\/#organization\",\"name\":\"Fun To Read Book Outlet\",\"alternateName\":\"Fun To Read\",\"url\":\"https:\/\/funtoread.com.hk\/\",\"logo\":{\"@type\":\"ImageObject\",\"inLanguage\":\"en-US\",\"@id\":\"https:\/\/funtoread.com.hk\/#\/schema\/logo\/image\/\",\"url\":\"https:\/\/www.funtoread.com.cn\/uploads\/2018\/04\/funtoread-logo_120.png\",\"contentUrl\":\"https:\/\/www.funtoread.com.cn\/uploads\/2018\/04\/funtoread-logo_120.png\",\"width\":120,\"height\":120,\"caption\":\"Fun To Read Book Outlet\"},\"image\":{\"@id\":\"https:\/\/funtoread.com.hk\/#\/schema\/logo\/image\/\"},\"sameAs\":[\"https:\/\/www.facebook.com\/funtoreadbookooutlet\",\"https:\/\/www.instagram.com\/funtoreadbookoutlet\/\"]}]}<\/script>\n<!-- \/ Yoast SEO plugin. -->","yoast_head_json":{"title":"Ultimate Football Heroes-\u00c1lvarez - Fun To Read Book Outlet","robots":{"index":"index","follow":"follow","max-snippet":"max-snippet:-1","max-image-preview":"max-image-preview:large","max-video-preview":"max-video-preview:-1"},"canonical":"https:\/\/funtoread.com.hk\/en\/product\/9781789467949\/","og_locale":"en_US","og_type":"article","og_title":"Ultimate Football Heroes-\u00c1lvarez - Fun To Read Book Outlet","og_description":"Juli\u00e1n \u00c1lvarez12\uff0c.18\uff0c\uff0c\uff0c\uff0c. Juli\u00e1n \u00c1lvarez&#039;s extravagant football skills won him a youth team place at the famous Argentinian club River Plate at the age of 12, and he quickly rose through the ranks. By 18, the gifted striker was showcasing his prowess in the Copa Libertadores and, before long, represented Argentina in international competitions, earning praise [&hellip;]","og_url":"https:\/\/funtoread.com.hk\/en\/product\/9781789467949\/","og_site_name":"Fun To Read Book Outlet","article_publisher":"https:\/\/www.facebook.com\/funtoreadbookooutlet","article_modified_time":"2024-07-07T04:01:08+00:00","og_image":[{"width":800,"height":800,"url":"https:\/\/shop-funtoread.oss-cn-hongkong.aliyuncs.com\/uploads\/2024\/04\/9781789467949.jpg","type":"image\/jpeg"}],"twitter_card":"summary_large_image","twitter_misc":{"Est. reading time":"1 minute"},"schema":{"@context":"https:\/\/schema.org","@graph":[{"@type":"WebPage","@id":"https:\/\/funtoread.com.hk\/en\/product\/9781789467949\/","url":"https:\/\/funtoread.com.hk\/en\/product\/9781789467949\/","name":"Ultimate Football Heroes-\u00c1lvarez - Fun To Read Book Outlet","isPartOf":{"@id":"https:\/\/funtoread.com.hk\/#website"},"datePublished":"2024-04-26T07:59:13+00:00","dateModified":"2024-07-07T04:01:08+00:00","breadcrumb":{"@id":"https:\/\/funtoread.com.hk\/en\/product\/9781789467949\/#breadcrumb"},"inLanguage":"en-US","potentialAction":[{"@type":"ReadAction","target":["https:\/\/funtoread.com.hk\/en\/product\/9781789467949\/"]}]},{"@type":"BreadcrumbList","@id":"https:\/\/funtoread.com.hk\/en\/product\/9781789467949\/#breadcrumb","itemListElement":[{"@type":"ListItem","position":1,"name":"Home","item":"https:\/\/funtoread.com.hk\/en\/"},{"@type":"ListItem","position":2,"name":"Shop","item":"https:\/\/funtoread.com.hk\/en\/shop\/"},{"@type":"ListItem","position":3,"name":"Ultimate Football Heroes-\u00c1lvarez"}]},{"@type":"WebSite","@id":"https:\/\/funtoread.com.hk\/#website","url":"https:\/\/funtoread.com.hk\/","name":"Fun To Read Book Outlet","description":"Welcome to Fun To Read Book Outlet","publisher":{"@id":"https:\/\/funtoread.com.hk\/#organization"},"alternateName":"Fun To Read","potentialAction":[{"@type":"SearchAction","target":{"@type":"EntryPoint","urlTemplate":"https:\/\/funtoread.com.hk\/?s={search_term_string}"},"query-input":"required name=search_term_string"}],"inLanguage":"en-US"},{"@type":"Organization","@id":"https:\/\/funtoread.com.hk\/#organization","name":"Fun To Read Book Outlet","alternateName":"Fun To Read","url":"https:\/\/funtoread.com.hk\/","logo":{"@type":"ImageObject","inLanguage":"en-US","@id":"https:\/\/funtoread.com.hk\/#\/schema\/logo\/image\/","url":"https:\/\/www.funtoread.com.cn\/uploads\/2018\/04\/funtoread-logo_120.png","contentUrl":"https:\/\/www.funtoread.com.cn\/uploads\/2018\/04\/funtoread-logo_120.png","width":120,"height":120,"caption":"Fun To Read Book Outlet"},"image":{"@id":"https:\/\/funtoread.com.hk\/#\/schema\/logo\/image\/"},"sameAs":["https:\/\/www.facebook.com\/funtoreadbookooutlet","https:\/\/www.instagram.com\/funtoreadbookoutlet\/"]}]}},"jetpack_sharing_enabled":true,"_links":{"self":[{"href":"https:\/\/funtoread.com.hk\/en\/wp-json\/wp\/v2\/product\/69455"}],"collection":[{"href":"https:\/\/funtoread.com.hk\/en\/wp-json\/wp\/v2\/product"}],"about":[{"href":"https:\/\/funtoread.com.hk\/en\/wp-json\/wp\/v2\/types\/product"}],"wp:featuredmedia":[{"embeddable":true,"href":"https:\/\/funtoread.com.hk\/en\/wp-json\/wp\/v2\/media\/69454"}],"wp:attachment":[{"href":"https:\/\/funtoread.com.hk\/en\/wp-json\/wp\/v2\/media?parent=69455"}],"wp:term":[{"taxonomy":"product_cat","embeddable":true,"href":"https:\/\/funtoread.com.hk\/en\/wp-json\/wp\/v2\/product_cat?post=69455"},{"taxonomy":"product_tag","embeddable":true,"href":"https:\/\/funtoread.com.hk\/en\/wp-json\/wp\/v2\/product_tag?post=69455"}],"curies":[{"name":"wp","href":"https:\/\/api.w.org\/{rel}","templated":true}]}}