{"id":78723,"date":"2024-08-19T19:26:00","date_gmt":"2024-08-19T11:26:00","guid":{"rendered":"https:\/\/funtoread.com.hk\/product\/9780241583104\/"},"modified":"2024-09-29T13:57:58","modified_gmt":"2024-09-29T05:57:58","slug":"9780241583104","status":"publish","type":"product","link":"https:\/\/funtoread.com.hk\/en\/product\/9780241583104\/","title":{"rendered":"Diary of a Wimpy Kid #17: Diper Overlode"},"content":{"rendered":"<p><span class=\"a-text-bold\">\u300a\u300b17\uff0c\u00b7.<\/span><\/p>\n<p>&nbsp;<\/p>\n<p><span class=\"a-text-bold\">In\u00a0<\/span><span class=\"a-text-bold a-text-italic\">Diper \u00d6verl\u00f6de<\/span><span class=\"a-text-bold\">, book 17 of the Diary of a Wimpy Kid series from #1 international bestselling author Jeff Kinney, Greg Heffley is finding out that the road to fame and glory comes with some hard knocks.<\/span><\/p>\n<p>When he decides to tag along with his brother Rodrick&#8217;s band, L\u00f6ded Diper, Greg doesn&#8217;t realize what he&#8217;s getting into. But he soon learns that late nights, unpaid gigs, fighting between band members, and money troubles are all part of the rock &#8216;n&#8217; roll lifestyle.<\/p>\n<p>Can Greg help L\u00f6ded Diper become the legends they think they are? Or will too much time with Rodrick&#8217;s band be a diper \u00f6verl\u00f6de?<\/p>\n","protected":false},"excerpt":{"rendered":"<p>\u300a\u300b17\uff0c\u00b7. &nbsp; In\u00a0Diper \u00d6verl\u00f6de, book 17 of the Diary of a Wimpy Kid series from #1 international bestselling author Jeff Kinney, Greg Heffley is finding out that the road to fame and glory comes with some hard knocks. When he decides to tag along with his brother Rodrick&#8217;s band, L\u00f6ded Diper, Greg doesn&#8217;t realize what [&hellip;]<\/p>\n","protected":false},"featured_media":78718,"template":"","meta":[],"product_cat":[],"product_tag":[],"bundle_layout":"","bundled_by":[],"bundled_items":[],"yoast_head":"<!-- This site is optimized with the Yoast SEO plugin v21.4 - https:\/\/yoast.com\/wordpress\/plugins\/seo\/ -->\n<title>Diary of a Wimpy Kid #17: Diper Overlode - Fun To Read Book Outlet<\/title>\n<meta name=\"robots\" content=\"index, follow, max-snippet:-1, max-image-preview:large, max-video-preview:-1\" \/>\n<link rel=\"canonical\" href=\"https:\/\/funtoread.com.hk\/en\/product\/9780241583104\/\" \/>\n<meta property=\"og:locale\" content=\"en_US\" \/>\n<meta property=\"og:type\" content=\"article\" \/>\n<meta property=\"og:title\" content=\"Diary of a Wimpy Kid #17: Diper Overlode - Fun To Read Book Outlet\" \/>\n<meta property=\"og:description\" content=\"\u300a\u300b17\uff0c\u00b7. &nbsp; In\u00a0Diper \u00d6verl\u00f6de, book 17 of the Diary of a Wimpy Kid series from #1 international bestselling author Jeff Kinney, Greg Heffley is finding out that the road to fame and glory comes with some hard knocks. When he decides to tag along with his brother Rodrick&#8217;s band, L\u00f6ded Diper, Greg doesn&#8217;t realize what [&hellip;]\" \/>\n<meta property=\"og:url\" content=\"https:\/\/funtoread.com.hk\/en\/product\/9780241583104\/\" \/>\n<meta property=\"og:site_name\" content=\"Fun To Read Book Outlet\" \/>\n<meta property=\"article:publisher\" content=\"https:\/\/www.facebook.com\/funtoreadbookooutlet\" \/>\n<meta property=\"article:modified_time\" content=\"2024-09-29T05:57:58+00:00\" \/>\n<meta property=\"og:image\" content=\"https:\/\/shop-funtoread.oss-cn-hongkong.aliyuncs.com\/uploads\/2024\/08\/9780241583104.jpg\" \/>\n\t<meta property=\"og:image:width\" content=\"800\" \/>\n\t<meta property=\"og:image:height\" content=\"800\" \/>\n\t<meta property=\"og:image:type\" content=\"image\/jpeg\" \/>\n<meta name=\"twitter:card\" content=\"summary_large_image\" \/>\n<meta name=\"twitter:label1\" content=\"Est. reading time\" \/>\n\t<meta name=\"twitter:data1\" content=\"1 minute\" \/>\n<script type=\"application\/ld+json\" class=\"yoast-schema-graph\">{\"@context\":\"https:\/\/schema.org\",\"@graph\":[{\"@type\":\"WebPage\",\"@id\":\"https:\/\/funtoread.com.hk\/en\/product\/9780241583104\/\",\"url\":\"https:\/\/funtoread.com.hk\/en\/product\/9780241583104\/\",\"name\":\"Diary of a Wimpy Kid #17: Diper Overlode - Fun To Read Book Outlet\",\"isPartOf\":{\"@id\":\"https:\/\/funtoread.com.hk\/#website\"},\"datePublished\":\"2024-08-19T11:26:00+00:00\",\"dateModified\":\"2024-09-29T05:57:58+00:00\",\"breadcrumb\":{\"@id\":\"https:\/\/funtoread.com.hk\/en\/product\/9780241583104\/#breadcrumb\"},\"inLanguage\":\"en-US\",\"potentialAction\":[{\"@type\":\"ReadAction\",\"target\":[\"https:\/\/funtoread.com.hk\/en\/product\/9780241583104\/\"]}]},{\"@type\":\"BreadcrumbList\",\"@id\":\"https:\/\/funtoread.com.hk\/en\/product\/9780241583104\/#breadcrumb\",\"itemListElement\":[{\"@type\":\"ListItem\",\"position\":1,\"name\":\"Home\",\"item\":\"https:\/\/funtoread.com.hk\/en\/\"},{\"@type\":\"ListItem\",\"position\":2,\"name\":\"Shop\",\"item\":\"https:\/\/funtoread.com.hk\/en\/shop\/\"},{\"@type\":\"ListItem\",\"position\":3,\"name\":\"Diary of a Wimpy Kid #17: Diper Overlode\"}]},{\"@type\":\"WebSite\",\"@id\":\"https:\/\/funtoread.com.hk\/#website\",\"url\":\"https:\/\/funtoread.com.hk\/\",\"name\":\"Fun To Read Book Outlet\",\"description\":\"Welcome to Fun To Read Book Outlet\",\"publisher\":{\"@id\":\"https:\/\/funtoread.com.hk\/#organization\"},\"alternateName\":\"Fun To Read\",\"potentialAction\":[{\"@type\":\"SearchAction\",\"target\":{\"@type\":\"EntryPoint\",\"urlTemplate\":\"https:\/\/funtoread.com.hk\/?s={search_term_string}\"},\"query-input\":\"required name=search_term_string\"}],\"inLanguage\":\"en-US\"},{\"@type\":\"Organization\",\"@id\":\"https:\/\/funtoread.com.hk\/#organization\",\"name\":\"Fun To Read Book Outlet\",\"alternateName\":\"Fun To Read\",\"url\":\"https:\/\/funtoread.com.hk\/\",\"logo\":{\"@type\":\"ImageObject\",\"inLanguage\":\"en-US\",\"@id\":\"https:\/\/funtoread.com.hk\/#\/schema\/logo\/image\/\",\"url\":\"https:\/\/www.funtoread.com.cn\/uploads\/2018\/04\/funtoread-logo_120.png\",\"contentUrl\":\"https:\/\/www.funtoread.com.cn\/uploads\/2018\/04\/funtoread-logo_120.png\",\"width\":120,\"height\":120,\"caption\":\"Fun To Read Book Outlet\"},\"image\":{\"@id\":\"https:\/\/funtoread.com.hk\/#\/schema\/logo\/image\/\"},\"sameAs\":[\"https:\/\/www.facebook.com\/funtoreadbookooutlet\",\"https:\/\/www.instagram.com\/funtoreadbookoutlet\/\"]}]}<\/script>\n<!-- \/ Yoast SEO plugin. -->","yoast_head_json":{"title":"Diary of a Wimpy Kid #17: Diper Overlode - Fun To Read Book Outlet","robots":{"index":"index","follow":"follow","max-snippet":"max-snippet:-1","max-image-preview":"max-image-preview:large","max-video-preview":"max-video-preview:-1"},"canonical":"https:\/\/funtoread.com.hk\/en\/product\/9780241583104\/","og_locale":"en_US","og_type":"article","og_title":"Diary of a Wimpy Kid #17: Diper Overlode - Fun To Read Book Outlet","og_description":"\u300a\u300b17\uff0c\u00b7. &nbsp; In\u00a0Diper \u00d6verl\u00f6de, book 17 of the Diary of a Wimpy Kid series from #1 international bestselling author Jeff Kinney, Greg Heffley is finding out that the road to fame and glory comes with some hard knocks. When he decides to tag along with his brother Rodrick&#8217;s band, L\u00f6ded Diper, Greg doesn&#8217;t realize what [&hellip;]","og_url":"https:\/\/funtoread.com.hk\/en\/product\/9780241583104\/","og_site_name":"Fun To Read Book Outlet","article_publisher":"https:\/\/www.facebook.com\/funtoreadbookooutlet","article_modified_time":"2024-09-29T05:57:58+00:00","og_image":[{"width":800,"height":800,"url":"https:\/\/shop-funtoread.oss-cn-hongkong.aliyuncs.com\/uploads\/2024\/08\/9780241583104.jpg","type":"image\/jpeg"}],"twitter_card":"summary_large_image","twitter_misc":{"Est. reading time":"1 minute"},"schema":{"@context":"https:\/\/schema.org","@graph":[{"@type":"WebPage","@id":"https:\/\/funtoread.com.hk\/en\/product\/9780241583104\/","url":"https:\/\/funtoread.com.hk\/en\/product\/9780241583104\/","name":"Diary of a Wimpy Kid #17: Diper Overlode - Fun To Read Book Outlet","isPartOf":{"@id":"https:\/\/funtoread.com.hk\/#website"},"datePublished":"2024-08-19T11:26:00+00:00","dateModified":"2024-09-29T05:57:58+00:00","breadcrumb":{"@id":"https:\/\/funtoread.com.hk\/en\/product\/9780241583104\/#breadcrumb"},"inLanguage":"en-US","potentialAction":[{"@type":"ReadAction","target":["https:\/\/funtoread.com.hk\/en\/product\/9780241583104\/"]}]},{"@type":"BreadcrumbList","@id":"https:\/\/funtoread.com.hk\/en\/product\/9780241583104\/#breadcrumb","itemListElement":[{"@type":"ListItem","position":1,"name":"Home","item":"https:\/\/funtoread.com.hk\/en\/"},{"@type":"ListItem","position":2,"name":"Shop","item":"https:\/\/funtoread.com.hk\/en\/shop\/"},{"@type":"ListItem","position":3,"name":"Diary of a Wimpy Kid #17: Diper Overlode"}]},{"@type":"WebSite","@id":"https:\/\/funtoread.com.hk\/#website","url":"https:\/\/funtoread.com.hk\/","name":"Fun To Read Book Outlet","description":"Welcome to Fun To Read Book Outlet","publisher":{"@id":"https:\/\/funtoread.com.hk\/#organization"},"alternateName":"Fun To Read","potentialAction":[{"@type":"SearchAction","target":{"@type":"EntryPoint","urlTemplate":"https:\/\/funtoread.com.hk\/?s={search_term_string}"},"query-input":"required name=search_term_string"}],"inLanguage":"en-US"},{"@type":"Organization","@id":"https:\/\/funtoread.com.hk\/#organization","name":"Fun To Read Book Outlet","alternateName":"Fun To Read","url":"https:\/\/funtoread.com.hk\/","logo":{"@type":"ImageObject","inLanguage":"en-US","@id":"https:\/\/funtoread.com.hk\/#\/schema\/logo\/image\/","url":"https:\/\/www.funtoread.com.cn\/uploads\/2018\/04\/funtoread-logo_120.png","contentUrl":"https:\/\/www.funtoread.com.cn\/uploads\/2018\/04\/funtoread-logo_120.png","width":120,"height":120,"caption":"Fun To Read Book Outlet"},"image":{"@id":"https:\/\/funtoread.com.hk\/#\/schema\/logo\/image\/"},"sameAs":["https:\/\/www.facebook.com\/funtoreadbookooutlet","https:\/\/www.instagram.com\/funtoreadbookoutlet\/"]}]}},"jetpack_sharing_enabled":true,"_links":{"self":[{"href":"https:\/\/funtoread.com.hk\/en\/wp-json\/wp\/v2\/product\/78723"}],"collection":[{"href":"https:\/\/funtoread.com.hk\/en\/wp-json\/wp\/v2\/product"}],"about":[{"href":"https:\/\/funtoread.com.hk\/en\/wp-json\/wp\/v2\/types\/product"}],"wp:featuredmedia":[{"embeddable":true,"href":"https:\/\/funtoread.com.hk\/en\/wp-json\/wp\/v2\/media\/78718"}],"wp:attachment":[{"href":"https:\/\/funtoread.com.hk\/en\/wp-json\/wp\/v2\/media?parent=78723"}],"wp:term":[{"taxonomy":"product_cat","embeddable":true,"href":"https:\/\/funtoread.com.hk\/en\/wp-json\/wp\/v2\/product_cat?post=78723"},{"taxonomy":"product_tag","embeddable":true,"href":"https:\/\/funtoread.com.hk\/en\/wp-json\/wp\/v2\/product_tag?post=78723"}],"curies":[{"name":"wp","href":"https:\/\/api.w.org\/{rel}","templated":true}]}}