{"id":90902,"date":"2026-03-20T16:51:56","date_gmt":"2026-03-20T08:51:56","guid":{"rendered":"https:\/\/funtoread.com.hk\/?post_type=product&#038;p=90902"},"modified":"2026-03-20T16:51:57","modified_gmt":"2026-03-20T08:51:57","slug":"9781803705422","status":"publish","type":"product","link":"https:\/\/funtoread.com.hk\/en\/product\/9781803705422\/","title":{"rendered":"Catch Your Death"},"content":{"rendered":"<p><span style=\"color: rgb(15, 17, 17);font-family: &quot;Amazon Ember&quot;, Arial, sans-serif;font-size: 14px;background-color: rgb(255, 255, 255)\"><\/span><\/p>\n<div class=\"paragraph\" style=\"font-family: -apple-system, BlinkMacSystemFont, &quot;Segoe UI&quot;, system-ui, -apple-system, &quot;Segoe UI&quot;, Roboto, Ubuntu, Cantarell, &quot;Noto Sans&quot;, sans-serif, Arial, &quot;PingFang SC&quot;, &quot;Source Han Sans SC&quot;, &quot;Microsoft YaHei UI&quot;, &quot;Microsoft YaHei&quot;, &quot;Noto Sans CJK SC&quot;, sans-serif;margin: 0px 0px 16px;padding: 0px;border: 0px;line-height: 26px;vertical-align: baseline;letter-spacing: 0px;max-width: 100%;color: rgba(0, 0, 0, 0.9);background-color: rgb(255, 255, 255)\"><\/div>\n<p><span style=\"color: rgb(15, 17, 17);font-family: &quot;Amazon Ember&quot;, Arial, sans-serif;font-size: 14px;background-color: rgb(255, 255, 255)\">Comment se tirer d&#039;affaire quand on est coinc\u00e9 dans un ch\u00e2teau avec un assassin et une famille de menteurs ?<\/span><\/p>\n<p style=\"padding: 0px;margin-top: 0px;margin-bottom: 0px;color: rgb(15, 17, 17);font-family: &quot;Amazon Ember&quot;, Arial, sans-serif;font-size: 14px;background-color: rgb(255, 255, 255)\"><span>Trois filles se retrouvent coinc\u00e9es au tr\u00e8s chic Bramble Estate au plus fort d&#039;une temp\u00eate de neige&#8230; et d&#039;une sinistre affaire de meurtre : Emily Vanforte a \u00e9t\u00e9 empoisonn\u00e9e pendant le d\u00eener. Devi, Lizzie et Jayne sont donc prisonni\u00e8res dans ce ch\u00e2teau o\u00f9 r\u00f4de un assassin, o\u00f9 le plancher dissimule des couteaux et les murs des passages secrets. Ici, nul n&#039;est en s\u00e9curit\u00e9 et tous sont suspects. Dans ce lieu o\u00f9 r\u00e8gnent le mensonge et la corruption, les trois filles parviendront-elles \u00e0 se sauver&#8230; ou devront-elles s&#039;adapter pour survivre ?<\/span><\/p>\n<p><\/p>\n","protected":false},"excerpt":{"rendered":"<p>Comment se tirer d&#039;affaire quand on est coinc\u00e9 dans un ch\u00e2teau avec un assassin et une famille de menteurs ? Trois filles se retrouvent coinc\u00e9es au tr\u00e8s chic Bramble Estate au plus fort d&#039;une temp\u00eate de neige&#8230; et d&#039;une sinistre affaire de meurtre : Emily Vanforte a \u00e9t\u00e9 empoisonn\u00e9e pendant le d\u00eener. Devi, Lizzie et [&hellip;]<\/p>\n","protected":false},"featured_media":90905,"template":"","meta":[],"product_cat":[139,29],"product_tag":[],"bundle_layout":"","bundled_by":[],"bundled_items":[],"yoast_head":"<!-- This site is optimized with the Yoast SEO plugin v21.4 - https:\/\/yoast.com\/wordpress\/plugins\/seo\/ -->\n<title>Catch Your Death - Fun To Read Book Outlet<\/title>\n<meta name=\"robots\" content=\"index, follow, max-snippet:-1, max-image-preview:large, max-video-preview:-1\" \/>\n<link rel=\"canonical\" href=\"https:\/\/funtoread.com.hk\/en\/product\/9781803705422\/\" \/>\n<meta property=\"og:locale\" content=\"en_US\" \/>\n<meta property=\"og:type\" content=\"article\" \/>\n<meta property=\"og:title\" content=\"Catch Your Death - Fun To Read Book Outlet\" \/>\n<meta property=\"og:description\" content=\"Comment se tirer d&#039;affaire quand on est coinc\u00e9 dans un ch\u00e2teau avec un assassin et une famille de menteurs ? Trois filles se retrouvent coinc\u00e9es au tr\u00e8s chic Bramble Estate au plus fort d&#039;une temp\u00eate de neige&#8230; et d&#039;une sinistre affaire de meurtre : Emily Vanforte a \u00e9t\u00e9 empoisonn\u00e9e pendant le d\u00eener. Devi, Lizzie et [&hellip;]\" \/>\n<meta property=\"og:url\" content=\"https:\/\/funtoread.com.hk\/en\/product\/9781803705422\/\" \/>\n<meta property=\"og:site_name\" content=\"Fun To Read Book Outlet\" \/>\n<meta property=\"article:publisher\" content=\"https:\/\/www.facebook.com\/funtoreadbookooutlet\" \/>\n<meta property=\"article:modified_time\" content=\"2026-03-20T08:51:57+00:00\" \/>\n<meta property=\"og:image\" content=\"https:\/\/www.funtoread.com.cn\/uploads\/2025\/04\/9781803705422-1.jpg\" \/>\n\t<meta property=\"og:image:width\" content=\"800\" \/>\n\t<meta property=\"og:image:height\" content=\"800\" \/>\n\t<meta property=\"og:image:type\" content=\"image\/jpeg\" \/>\n<meta name=\"twitter:card\" content=\"summary_large_image\" \/>\n<meta name=\"twitter:label1\" content=\"Est. reading time\" \/>\n\t<meta name=\"twitter:data1\" content=\"1 minute\" \/>\n<script type=\"application\/ld+json\" class=\"yoast-schema-graph\">{\"@context\":\"https:\/\/schema.org\",\"@graph\":[{\"@type\":\"WebPage\",\"@id\":\"https:\/\/funtoread.com.hk\/en\/product\/9781803705422\/\",\"url\":\"https:\/\/funtoread.com.hk\/en\/product\/9781803705422\/\",\"name\":\"Catch Your Death - Fun To Read Book Outlet\",\"isPartOf\":{\"@id\":\"https:\/\/funtoread.com.hk\/#website\"},\"datePublished\":\"2026-03-20T08:51:56+00:00\",\"dateModified\":\"2026-03-20T08:51:57+00:00\",\"breadcrumb\":{\"@id\":\"https:\/\/funtoread.com.hk\/en\/product\/9781803705422\/#breadcrumb\"},\"inLanguage\":\"en-US\",\"potentialAction\":[{\"@type\":\"ReadAction\",\"target\":[\"https:\/\/funtoread.com.hk\/en\/product\/9781803705422\/\"]}]},{\"@type\":\"BreadcrumbList\",\"@id\":\"https:\/\/funtoread.com.hk\/en\/product\/9781803705422\/#breadcrumb\",\"itemListElement\":[{\"@type\":\"ListItem\",\"position\":1,\"name\":\"Home\",\"item\":\"https:\/\/funtoread.com.hk\/en\/\"},{\"@type\":\"ListItem\",\"position\":2,\"name\":\"Shop\",\"item\":\"https:\/\/funtoread.com.hk\/en\/shop\/\"},{\"@type\":\"ListItem\",\"position\":3,\"name\":\"Catch Your Death\"}]},{\"@type\":\"WebSite\",\"@id\":\"https:\/\/funtoread.com.hk\/#website\",\"url\":\"https:\/\/funtoread.com.hk\/\",\"name\":\"Fun To Read Book Outlet\",\"description\":\"Welcome to Fun To Read Book Outlet\",\"publisher\":{\"@id\":\"https:\/\/funtoread.com.hk\/#organization\"},\"alternateName\":\"Fun To Read\",\"potentialAction\":[{\"@type\":\"SearchAction\",\"target\":{\"@type\":\"EntryPoint\",\"urlTemplate\":\"https:\/\/funtoread.com.hk\/?s={search_term_string}\"},\"query-input\":\"required name=search_term_string\"}],\"inLanguage\":\"en-US\"},{\"@type\":\"Organization\",\"@id\":\"https:\/\/funtoread.com.hk\/#organization\",\"name\":\"Fun To Read Book Outlet\",\"alternateName\":\"Fun To Read\",\"url\":\"https:\/\/funtoread.com.hk\/\",\"logo\":{\"@type\":\"ImageObject\",\"inLanguage\":\"en-US\",\"@id\":\"https:\/\/funtoread.com.hk\/#\/schema\/logo\/image\/\",\"url\":\"https:\/\/www.funtoread.com.cn\/uploads\/2018\/04\/funtoread-logo_120.png\",\"contentUrl\":\"https:\/\/www.funtoread.com.cn\/uploads\/2018\/04\/funtoread-logo_120.png\",\"width\":120,\"height\":120,\"caption\":\"Fun To Read Book Outlet\"},\"image\":{\"@id\":\"https:\/\/funtoread.com.hk\/#\/schema\/logo\/image\/\"},\"sameAs\":[\"https:\/\/www.facebook.com\/funtoreadbookooutlet\",\"https:\/\/www.instagram.com\/funtoreadbookoutlet\/\"]}]}<\/script>\n<!-- \/ Yoast SEO plugin. -->","yoast_head_json":{"title":"Catch Your Death - Fun To Read Book Outlet","robots":{"index":"index","follow":"follow","max-snippet":"max-snippet:-1","max-image-preview":"max-image-preview:large","max-video-preview":"max-video-preview:-1"},"canonical":"https:\/\/funtoread.com.hk\/en\/product\/9781803705422\/","og_locale":"en_US","og_type":"article","og_title":"Catch Your Death - Fun To Read Book Outlet","og_description":"Comment se tirer d&#039;affaire quand on est coinc\u00e9 dans un ch\u00e2teau avec un assassin et une famille de menteurs ? Trois filles se retrouvent coinc\u00e9es au tr\u00e8s chic Bramble Estate au plus fort d&#039;une temp\u00eate de neige&#8230; et d&#039;une sinistre affaire de meurtre : Emily Vanforte a \u00e9t\u00e9 empoisonn\u00e9e pendant le d\u00eener. Devi, Lizzie et [&hellip;]","og_url":"https:\/\/funtoread.com.hk\/en\/product\/9781803705422\/","og_site_name":"Fun To Read Book Outlet","article_publisher":"https:\/\/www.facebook.com\/funtoreadbookooutlet","article_modified_time":"2026-03-20T08:51:57+00:00","og_image":[{"width":800,"height":800,"url":"https:\/\/www.funtoread.com.cn\/uploads\/2025\/04\/9781803705422-1.jpg","type":"image\/jpeg"}],"twitter_card":"summary_large_image","twitter_misc":{"Est. reading time":"1 minute"},"schema":{"@context":"https:\/\/schema.org","@graph":[{"@type":"WebPage","@id":"https:\/\/funtoread.com.hk\/en\/product\/9781803705422\/","url":"https:\/\/funtoread.com.hk\/en\/product\/9781803705422\/","name":"Catch Your Death - Fun To Read Book Outlet","isPartOf":{"@id":"https:\/\/funtoread.com.hk\/#website"},"datePublished":"2026-03-20T08:51:56+00:00","dateModified":"2026-03-20T08:51:57+00:00","breadcrumb":{"@id":"https:\/\/funtoread.com.hk\/en\/product\/9781803705422\/#breadcrumb"},"inLanguage":"en-US","potentialAction":[{"@type":"ReadAction","target":["https:\/\/funtoread.com.hk\/en\/product\/9781803705422\/"]}]},{"@type":"BreadcrumbList","@id":"https:\/\/funtoread.com.hk\/en\/product\/9781803705422\/#breadcrumb","itemListElement":[{"@type":"ListItem","position":1,"name":"Home","item":"https:\/\/funtoread.com.hk\/en\/"},{"@type":"ListItem","position":2,"name":"Shop","item":"https:\/\/funtoread.com.hk\/en\/shop\/"},{"@type":"ListItem","position":3,"name":"Catch Your Death"}]},{"@type":"WebSite","@id":"https:\/\/funtoread.com.hk\/#website","url":"https:\/\/funtoread.com.hk\/","name":"Fun To Read Book Outlet","description":"Welcome to Fun To Read Book Outlet","publisher":{"@id":"https:\/\/funtoread.com.hk\/#organization"},"alternateName":"Fun To Read","potentialAction":[{"@type":"SearchAction","target":{"@type":"EntryPoint","urlTemplate":"https:\/\/funtoread.com.hk\/?s={search_term_string}"},"query-input":"required name=search_term_string"}],"inLanguage":"en-US"},{"@type":"Organization","@id":"https:\/\/funtoread.com.hk\/#organization","name":"Fun To Read Book Outlet","alternateName":"Fun To Read","url":"https:\/\/funtoread.com.hk\/","logo":{"@type":"ImageObject","inLanguage":"en-US","@id":"https:\/\/funtoread.com.hk\/#\/schema\/logo\/image\/","url":"https:\/\/www.funtoread.com.cn\/uploads\/2018\/04\/funtoread-logo_120.png","contentUrl":"https:\/\/www.funtoread.com.cn\/uploads\/2018\/04\/funtoread-logo_120.png","width":120,"height":120,"caption":"Fun To Read Book Outlet"},"image":{"@id":"https:\/\/funtoread.com.hk\/#\/schema\/logo\/image\/"},"sameAs":["https:\/\/www.facebook.com\/funtoreadbookooutlet","https:\/\/www.instagram.com\/funtoreadbookoutlet\/"]}]}},"jetpack_sharing_enabled":true,"_links":{"self":[{"href":"https:\/\/funtoread.com.hk\/en\/wp-json\/wp\/v2\/product\/90902"}],"collection":[{"href":"https:\/\/funtoread.com.hk\/en\/wp-json\/wp\/v2\/product"}],"about":[{"href":"https:\/\/funtoread.com.hk\/en\/wp-json\/wp\/v2\/types\/product"}],"wp:featuredmedia":[{"embeddable":true,"href":"https:\/\/funtoread.com.hk\/en\/wp-json\/wp\/v2\/media\/90905"}],"wp:attachment":[{"href":"https:\/\/funtoread.com.hk\/en\/wp-json\/wp\/v2\/media?parent=90902"}],"wp:term":[{"taxonomy":"product_cat","embeddable":true,"href":"https:\/\/funtoread.com.hk\/en\/wp-json\/wp\/v2\/product_cat?post=90902"},{"taxonomy":"product_tag","embeddable":true,"href":"https:\/\/funtoread.com.hk\/en\/wp-json\/wp\/v2\/product_tag?post=90902"}],"curies":[{"name":"wp","href":"https:\/\/api.w.org\/{rel}","templated":true}]}}