{"id":92695,"date":"2025-05-16T14:32:30","date_gmt":"2025-05-16T06:32:30","guid":{"rendered":"https:\/\/funtoread.com.hk\/?post_type=product&#038;p=92695"},"modified":"2025-05-16T23:48:25","modified_gmt":"2025-05-16T15:48:25","slug":"9780008680565","status":"publish","type":"product","link":"https:\/\/funtoread.com.hk\/en\/product\/9780008680565\/","title":{"rendered":"Pokemon: 365 days to Become a Pokemon  Trainer"},"content":{"rendered":"<p><span style=\"color: #0f1111; font-family: 'Amazon Ember', Arial, sans-serif; font-size: 14px; background-color: #ffffff;\"><span style=\"color: rgba(0, 0, 0, 0.85); font-family: Inter, -apple-system, BlinkMacSystemFont, 'Segoe UI', 'SF Pro SC', 'SF Pro Display', 'SF Pro Icons', 'PingFang SC', 'Hiragino Sans GB', 'Microsoft YaHei', 'Helvetica Neue', Helvetica, Arial, sans-serif; background-color: #ffffff;\">! 365 \uff0c.\uff0c\u3001\u3001\uff0c.<br \/>\n<\/span><br \/>\nBecome the Ultimate Pok\u00e9mon Trainer with this awesome 365 activity book, test your Pok\u00e9mon skills by completing a different activity each day for a full year. This brain-busting, full-colour activity book is packed full of your favourite Pok\u00e9mon and includes puzzles, codes, word games and more, to improve your Pok\u00e9mon knowledge.Packed full of 365 fun activities to complete over the course of a year, to test and improve your Pok\u00e9mon knowledge. Do you know your Snivy from your Snorlax? Can you tell a Rock-type from a Steel-type? And how good are you at identifying Pok\u00e9mon just from their ears? Embark on an exciting, challenging and fun year-long adventure to find out the answers to all these questions and more!By the time you&#8217;ve completed the 365th activity you&#8217;ll be the Ultimate Pok\u00e9mon Trainer!Gotta Catch &#8216;Em All!<\/span><\/p>\n","protected":false},"excerpt":{"rendered":"<p>! 365 \uff0c.\uff0c\u3001\u3001\uff0c. Become the Ultimate Pok\u00e9mon Trainer with this awesome 365 activity book, test your Pok\u00e9mon skills by completing a different activity each day for a full year. This brain-busting, full-colour activity book is packed full of your favourite Pok\u00e9mon and includes puzzles, codes, word games and more, to improve your Pok\u00e9mon knowledge.Packed full [&hellip;]<\/p>\n","protected":false},"featured_media":92688,"template":"","meta":[],"product_cat":[139,156,29],"product_tag":[],"bundle_layout":"","bundled_by":[],"bundled_items":[],"yoast_head":"<!-- This site is optimized with the Yoast SEO plugin v21.4 - https:\/\/yoast.com\/wordpress\/plugins\/seo\/ -->\n<title>Pokemon: 365 days to Become a Pokemon Trainer - Fun To Read Book Outlet<\/title>\n<meta name=\"robots\" content=\"index, follow, max-snippet:-1, max-image-preview:large, max-video-preview:-1\" \/>\n<link rel=\"canonical\" href=\"https:\/\/funtoread.com.hk\/en\/product\/9780008680565\/\" \/>\n<meta property=\"og:locale\" content=\"en_US\" \/>\n<meta property=\"og:type\" content=\"article\" \/>\n<meta property=\"og:title\" content=\"Pokemon: 365 days to Become a Pokemon Trainer - Fun To Read Book Outlet\" \/>\n<meta property=\"og:description\" content=\"! 365 \uff0c.\uff0c\u3001\u3001\uff0c. Become the Ultimate Pok\u00e9mon Trainer with this awesome 365 activity book, test your Pok\u00e9mon skills by completing a different activity each day for a full year. This brain-busting, full-colour activity book is packed full of your favourite Pok\u00e9mon and includes puzzles, codes, word games and more, to improve your Pok\u00e9mon knowledge.Packed full [&hellip;]\" \/>\n<meta property=\"og:url\" content=\"https:\/\/funtoread.com.hk\/en\/product\/9780008680565\/\" \/>\n<meta property=\"og:site_name\" content=\"Fun To Read Book Outlet\" \/>\n<meta property=\"article:publisher\" content=\"https:\/\/www.facebook.com\/funtoreadbookooutlet\" \/>\n<meta property=\"article:modified_time\" content=\"2025-05-16T15:48:25+00:00\" \/>\n<meta property=\"og:image\" content=\"https:\/\/shop-funtoread.oss-cn-hongkong.aliyuncs.com\/uploads\/2025\/05\/9780008680565.jpg\" \/>\n\t<meta property=\"og:image:width\" content=\"800\" \/>\n\t<meta property=\"og:image:height\" content=\"800\" \/>\n\t<meta property=\"og:image:type\" content=\"image\/jpeg\" \/>\n<meta name=\"twitter:card\" content=\"summary_large_image\" \/>\n<meta name=\"twitter:label1\" content=\"Est. reading time\" \/>\n\t<meta name=\"twitter:data1\" content=\"1 minute\" \/>\n<script type=\"application\/ld+json\" class=\"yoast-schema-graph\">{\"@context\":\"https:\/\/schema.org\",\"@graph\":[{\"@type\":\"WebPage\",\"@id\":\"https:\/\/funtoread.com.hk\/en\/product\/9780008680565\/\",\"url\":\"https:\/\/funtoread.com.hk\/en\/product\/9780008680565\/\",\"name\":\"Pokemon: 365 days to Become a Pokemon Trainer - Fun To Read Book Outlet\",\"isPartOf\":{\"@id\":\"https:\/\/funtoread.com.hk\/#website\"},\"datePublished\":\"2025-05-16T06:32:30+00:00\",\"dateModified\":\"2025-05-16T15:48:25+00:00\",\"breadcrumb\":{\"@id\":\"https:\/\/funtoread.com.hk\/en\/product\/9780008680565\/#breadcrumb\"},\"inLanguage\":\"en-US\",\"potentialAction\":[{\"@type\":\"ReadAction\",\"target\":[\"https:\/\/funtoread.com.hk\/en\/product\/9780008680565\/\"]}]},{\"@type\":\"BreadcrumbList\",\"@id\":\"https:\/\/funtoread.com.hk\/en\/product\/9780008680565\/#breadcrumb\",\"itemListElement\":[{\"@type\":\"ListItem\",\"position\":1,\"name\":\"Home\",\"item\":\"https:\/\/funtoread.com.hk\/en\/\"},{\"@type\":\"ListItem\",\"position\":2,\"name\":\"Shop\",\"item\":\"https:\/\/funtoread.com.hk\/en\/shop\/\"},{\"@type\":\"ListItem\",\"position\":3,\"name\":\"Pokemon: 365 days to Become a Pokemon Trainer\"}]},{\"@type\":\"WebSite\",\"@id\":\"https:\/\/funtoread.com.hk\/#website\",\"url\":\"https:\/\/funtoread.com.hk\/\",\"name\":\"Fun To Read Book Outlet\",\"description\":\"Welcome to Fun To Read Book Outlet\",\"publisher\":{\"@id\":\"https:\/\/funtoread.com.hk\/#organization\"},\"alternateName\":\"Fun To Read\",\"potentialAction\":[{\"@type\":\"SearchAction\",\"target\":{\"@type\":\"EntryPoint\",\"urlTemplate\":\"https:\/\/funtoread.com.hk\/?s={search_term_string}\"},\"query-input\":\"required name=search_term_string\"}],\"inLanguage\":\"en-US\"},{\"@type\":\"Organization\",\"@id\":\"https:\/\/funtoread.com.hk\/#organization\",\"name\":\"Fun To Read Book Outlet\",\"alternateName\":\"Fun To Read\",\"url\":\"https:\/\/funtoread.com.hk\/\",\"logo\":{\"@type\":\"ImageObject\",\"inLanguage\":\"en-US\",\"@id\":\"https:\/\/funtoread.com.hk\/#\/schema\/logo\/image\/\",\"url\":\"https:\/\/www.funtoread.com.cn\/uploads\/2018\/04\/funtoread-logo_120.png\",\"contentUrl\":\"https:\/\/www.funtoread.com.cn\/uploads\/2018\/04\/funtoread-logo_120.png\",\"width\":120,\"height\":120,\"caption\":\"Fun To Read Book Outlet\"},\"image\":{\"@id\":\"https:\/\/funtoread.com.hk\/#\/schema\/logo\/image\/\"},\"sameAs\":[\"https:\/\/www.facebook.com\/funtoreadbookooutlet\",\"https:\/\/www.instagram.com\/funtoreadbookoutlet\/\"]}]}<\/script>\n<!-- \/ Yoast SEO plugin. -->","yoast_head_json":{"title":"Pokemon: 365 days to Become a Pokemon Trainer - Fun To Read Book Outlet","robots":{"index":"index","follow":"follow","max-snippet":"max-snippet:-1","max-image-preview":"max-image-preview:large","max-video-preview":"max-video-preview:-1"},"canonical":"https:\/\/funtoread.com.hk\/en\/product\/9780008680565\/","og_locale":"en_US","og_type":"article","og_title":"Pokemon: 365 days to Become a Pokemon Trainer - Fun To Read Book Outlet","og_description":"! 365 \uff0c.\uff0c\u3001\u3001\uff0c. Become the Ultimate Pok\u00e9mon Trainer with this awesome 365 activity book, test your Pok\u00e9mon skills by completing a different activity each day for a full year. This brain-busting, full-colour activity book is packed full of your favourite Pok\u00e9mon and includes puzzles, codes, word games and more, to improve your Pok\u00e9mon knowledge.Packed full [&hellip;]","og_url":"https:\/\/funtoread.com.hk\/en\/product\/9780008680565\/","og_site_name":"Fun To Read Book Outlet","article_publisher":"https:\/\/www.facebook.com\/funtoreadbookooutlet","article_modified_time":"2025-05-16T15:48:25+00:00","og_image":[{"width":800,"height":800,"url":"https:\/\/shop-funtoread.oss-cn-hongkong.aliyuncs.com\/uploads\/2025\/05\/9780008680565.jpg","type":"image\/jpeg"}],"twitter_card":"summary_large_image","twitter_misc":{"Est. reading time":"1 minute"},"schema":{"@context":"https:\/\/schema.org","@graph":[{"@type":"WebPage","@id":"https:\/\/funtoread.com.hk\/en\/product\/9780008680565\/","url":"https:\/\/funtoread.com.hk\/en\/product\/9780008680565\/","name":"Pokemon: 365 days to Become a Pokemon Trainer - Fun To Read Book Outlet","isPartOf":{"@id":"https:\/\/funtoread.com.hk\/#website"},"datePublished":"2025-05-16T06:32:30+00:00","dateModified":"2025-05-16T15:48:25+00:00","breadcrumb":{"@id":"https:\/\/funtoread.com.hk\/en\/product\/9780008680565\/#breadcrumb"},"inLanguage":"en-US","potentialAction":[{"@type":"ReadAction","target":["https:\/\/funtoread.com.hk\/en\/product\/9780008680565\/"]}]},{"@type":"BreadcrumbList","@id":"https:\/\/funtoread.com.hk\/en\/product\/9780008680565\/#breadcrumb","itemListElement":[{"@type":"ListItem","position":1,"name":"Home","item":"https:\/\/funtoread.com.hk\/en\/"},{"@type":"ListItem","position":2,"name":"Shop","item":"https:\/\/funtoread.com.hk\/en\/shop\/"},{"@type":"ListItem","position":3,"name":"Pokemon: 365 days to Become a Pokemon Trainer"}]},{"@type":"WebSite","@id":"https:\/\/funtoread.com.hk\/#website","url":"https:\/\/funtoread.com.hk\/","name":"Fun To Read Book Outlet","description":"Welcome to Fun To Read Book Outlet","publisher":{"@id":"https:\/\/funtoread.com.hk\/#organization"},"alternateName":"Fun To Read","potentialAction":[{"@type":"SearchAction","target":{"@type":"EntryPoint","urlTemplate":"https:\/\/funtoread.com.hk\/?s={search_term_string}"},"query-input":"required name=search_term_string"}],"inLanguage":"en-US"},{"@type":"Organization","@id":"https:\/\/funtoread.com.hk\/#organization","name":"Fun To Read Book Outlet","alternateName":"Fun To Read","url":"https:\/\/funtoread.com.hk\/","logo":{"@type":"ImageObject","inLanguage":"en-US","@id":"https:\/\/funtoread.com.hk\/#\/schema\/logo\/image\/","url":"https:\/\/www.funtoread.com.cn\/uploads\/2018\/04\/funtoread-logo_120.png","contentUrl":"https:\/\/www.funtoread.com.cn\/uploads\/2018\/04\/funtoread-logo_120.png","width":120,"height":120,"caption":"Fun To Read Book Outlet"},"image":{"@id":"https:\/\/funtoread.com.hk\/#\/schema\/logo\/image\/"},"sameAs":["https:\/\/www.facebook.com\/funtoreadbookooutlet","https:\/\/www.instagram.com\/funtoreadbookoutlet\/"]}]}},"jetpack_sharing_enabled":true,"_links":{"self":[{"href":"https:\/\/funtoread.com.hk\/en\/wp-json\/wp\/v2\/product\/92695"}],"collection":[{"href":"https:\/\/funtoread.com.hk\/en\/wp-json\/wp\/v2\/product"}],"about":[{"href":"https:\/\/funtoread.com.hk\/en\/wp-json\/wp\/v2\/types\/product"}],"wp:featuredmedia":[{"embeddable":true,"href":"https:\/\/funtoread.com.hk\/en\/wp-json\/wp\/v2\/media\/92688"}],"wp:attachment":[{"href":"https:\/\/funtoread.com.hk\/en\/wp-json\/wp\/v2\/media?parent=92695"}],"wp:term":[{"taxonomy":"product_cat","embeddable":true,"href":"https:\/\/funtoread.com.hk\/en\/wp-json\/wp\/v2\/product_cat?post=92695"},{"taxonomy":"product_tag","embeddable":true,"href":"https:\/\/funtoread.com.hk\/en\/wp-json\/wp\/v2\/product_tag?post=92695"}],"curies":[{"name":"wp","href":"https:\/\/api.w.org\/{rel}","templated":true}]}}