{"id":96888,"date":"2025-07-11T09:51:30","date_gmt":"2025-07-11T01:51:30","guid":{"rendered":"https:\/\/funtoread.com.hk\/?post_type=product&#038;p=96888"},"modified":"2025-07-11T23:59:36","modified_gmt":"2025-07-11T15:59:36","slug":"9780008552725","status":"publish","type":"product","link":"https:\/\/funtoread.com.hk\/en\/product\/9780008552725\/","title":{"rendered":"Pok\u00e9mon Trivia Challenge: The ultimate quiz book for Pok\u00e9mon fans young and old!"},"content":{"rendered":"<div class=\"auto-hide-last-sibling-br paragraph-JOTKXA paragraph-element br-paragraph-space\" style=\"line-height: 28px; font-family: Inter, -apple-system, BlinkMacSystemFont, 'Segoe UI', 'SF Pro SC', 'SF Pro Display', 'SF Pro Icons', 'PingFang SC', 'Hiragino Sans GB', 'Microsoft YaHei', 'Helvetica Neue', Helvetica, Arial, sans-serif; background-color: #ffffff; margin-top: 0px !important; color: rgba(0, 0, 0, 0.85) !important;\">!<\/div>\n<div class=\"auto-hide-last-sibling-br paragraph-JOTKXA paragraph-element br-paragraph-space\" style=\"line-height: 28px; font-family: Inter, -apple-system, BlinkMacSystemFont, 'Segoe UI', 'SF Pro SC', 'SF Pro Display', 'SF Pro Icons', 'PingFang SC', 'Hiragino Sans GB', 'Microsoft YaHei', 'Helvetica Neue', Helvetica, Arial, sans-serif; background-color: #ffffff; color: rgba(0, 0, 0, 0.85) !important;\"> 8 \uff0c\uff0c.<\/div>\n<p><span style=\"color: #0f1111; font-family: 'Amazon Ember', Arial, sans-serif; font-size: 14px; background-color: #ffffff;\">Test your Trainer knowledge with this epic trivia challenge book!<\/span><br \/>\n<span style=\"color: #0f1111; font-family: 'Amazon Ember', Arial, sans-serif; font-size: 14px; background-color: #ffffff;\">With all the trivia from 8 Pok\u00e9mon regions and tons of questions to answer, this is the ultimate challenge for Pok\u00e9mon fans.<\/span><\/p>\n<p><span style=\"color: #0f1111; font-family: 'Amazon Ember', Arial, sans-serif; font-size: 14px; background-color: #ffffff;\">Wannabe Pok\u00e9mon Masters should know their Pikachus from their Pichus, where in the world they can find a Grookey, what ball to use to catch a Legendary Pok\u00e9mon and more.<\/span><\/p>\n<p><span style=\"color: #0f1111; font-family: 'Amazon Ember', Arial, sans-serif; font-size: 14px; background-color: #ffffff;\">This book will help you become a Pok\u00e9mon expert in no time!<\/span><\/p>\n","protected":false},"excerpt":{"rendered":"<p>! 8 \uff0c\uff0c. Test your Trainer knowledge with this epic trivia challenge book! With all the trivia from 8 Pok\u00e9mon regions and tons of questions to answer, this is the ultimate challenge for Pok\u00e9mon fans. Wannabe Pok\u00e9mon Masters should know their Pikachus from their Pichus, where in the world they can find a Grookey, what [&hellip;]<\/p>\n","protected":false},"featured_media":96880,"template":"","meta":[],"product_cat":[139,156,29],"product_tag":[],"bundle_layout":"","bundled_by":[],"bundled_items":[],"yoast_head":"<!-- This site is optimized with the Yoast SEO plugin v21.4 - https:\/\/yoast.com\/wordpress\/plugins\/seo\/ -->\n<title>Pok\u00e9mon Trivia Challenge: The ultimate quiz book for Pok\u00e9mon fans young and old! - Fun To Read Book Outlet<\/title>\n<meta name=\"robots\" content=\"index, follow, max-snippet:-1, max-image-preview:large, max-video-preview:-1\" \/>\n<link rel=\"canonical\" href=\"https:\/\/funtoread.com.hk\/en\/product\/9780008552725\/\" \/>\n<meta property=\"og:locale\" content=\"en_US\" \/>\n<meta property=\"og:type\" content=\"article\" \/>\n<meta property=\"og:title\" content=\"Pok\u00e9mon Trivia Challenge: The ultimate quiz book for Pok\u00e9mon fans young and old! - Fun To Read Book Outlet\" \/>\n<meta property=\"og:description\" content=\"! 8 \uff0c\uff0c. Test your Trainer knowledge with this epic trivia challenge book! With all the trivia from 8 Pok\u00e9mon regions and tons of questions to answer, this is the ultimate challenge for Pok\u00e9mon fans. Wannabe Pok\u00e9mon Masters should know their Pikachus from their Pichus, where in the world they can find a Grookey, what [&hellip;]\" \/>\n<meta property=\"og:url\" content=\"https:\/\/funtoread.com.hk\/en\/product\/9780008552725\/\" \/>\n<meta property=\"og:site_name\" content=\"Fun To Read Book Outlet\" \/>\n<meta property=\"article:publisher\" content=\"https:\/\/www.facebook.com\/funtoreadbookooutlet\" \/>\n<meta property=\"article:modified_time\" content=\"2025-07-11T15:59:36+00:00\" \/>\n<meta property=\"og:image\" content=\"https:\/\/shop-funtoread.oss-cn-hongkong.aliyuncs.com\/uploads\/2025\/07\/9780008552725.jpg\" \/>\n\t<meta property=\"og:image:width\" content=\"800\" \/>\n\t<meta property=\"og:image:height\" content=\"800\" \/>\n\t<meta property=\"og:image:type\" content=\"image\/jpeg\" \/>\n<meta name=\"twitter:card\" content=\"summary_large_image\" \/>\n<script type=\"application\/ld+json\" class=\"yoast-schema-graph\">{\"@context\":\"https:\/\/schema.org\",\"@graph\":[{\"@type\":\"WebPage\",\"@id\":\"https:\/\/funtoread.com.hk\/en\/product\/9780008552725\/\",\"url\":\"https:\/\/funtoread.com.hk\/en\/product\/9780008552725\/\",\"name\":\"Pok\u00e9mon Trivia Challenge: The ultimate quiz book for Pok\u00e9mon fans young and old! - Fun To Read Book Outlet\",\"isPartOf\":{\"@id\":\"https:\/\/funtoread.com.hk\/#website\"},\"datePublished\":\"2025-07-11T01:51:30+00:00\",\"dateModified\":\"2025-07-11T15:59:36+00:00\",\"breadcrumb\":{\"@id\":\"https:\/\/funtoread.com.hk\/en\/product\/9780008552725\/#breadcrumb\"},\"inLanguage\":\"en-US\",\"potentialAction\":[{\"@type\":\"ReadAction\",\"target\":[\"https:\/\/funtoread.com.hk\/en\/product\/9780008552725\/\"]}]},{\"@type\":\"BreadcrumbList\",\"@id\":\"https:\/\/funtoread.com.hk\/en\/product\/9780008552725\/#breadcrumb\",\"itemListElement\":[{\"@type\":\"ListItem\",\"position\":1,\"name\":\"Home\",\"item\":\"https:\/\/funtoread.com.hk\/en\/\"},{\"@type\":\"ListItem\",\"position\":2,\"name\":\"Shop\",\"item\":\"https:\/\/funtoread.com.hk\/en\/shop\/\"},{\"@type\":\"ListItem\",\"position\":3,\"name\":\"Pok\u00e9mon Trivia Challenge: The ultimate quiz book for Pok\u00e9mon fans young and old!\"}]},{\"@type\":\"WebSite\",\"@id\":\"https:\/\/funtoread.com.hk\/#website\",\"url\":\"https:\/\/funtoread.com.hk\/\",\"name\":\"Fun To Read Book Outlet\",\"description\":\"Welcome to Fun To Read Book Outlet\",\"publisher\":{\"@id\":\"https:\/\/funtoread.com.hk\/#organization\"},\"alternateName\":\"Fun To Read\",\"potentialAction\":[{\"@type\":\"SearchAction\",\"target\":{\"@type\":\"EntryPoint\",\"urlTemplate\":\"https:\/\/funtoread.com.hk\/?s={search_term_string}\"},\"query-input\":\"required name=search_term_string\"}],\"inLanguage\":\"en-US\"},{\"@type\":\"Organization\",\"@id\":\"https:\/\/funtoread.com.hk\/#organization\",\"name\":\"Fun To Read Book Outlet\",\"alternateName\":\"Fun To Read\",\"url\":\"https:\/\/funtoread.com.hk\/\",\"logo\":{\"@type\":\"ImageObject\",\"inLanguage\":\"en-US\",\"@id\":\"https:\/\/funtoread.com.hk\/#\/schema\/logo\/image\/\",\"url\":\"https:\/\/www.funtoread.com.cn\/uploads\/2018\/04\/funtoread-logo_120.png\",\"contentUrl\":\"https:\/\/www.funtoread.com.cn\/uploads\/2018\/04\/funtoread-logo_120.png\",\"width\":120,\"height\":120,\"caption\":\"Fun To Read Book Outlet\"},\"image\":{\"@id\":\"https:\/\/funtoread.com.hk\/#\/schema\/logo\/image\/\"},\"sameAs\":[\"https:\/\/www.facebook.com\/funtoreadbookooutlet\",\"https:\/\/www.instagram.com\/funtoreadbookoutlet\/\"]}]}<\/script>\n<!-- \/ Yoast SEO plugin. -->","yoast_head_json":{"title":"Pok\u00e9mon Trivia Challenge: The ultimate quiz book for Pok\u00e9mon fans young and old! - Fun To Read Book Outlet","robots":{"index":"index","follow":"follow","max-snippet":"max-snippet:-1","max-image-preview":"max-image-preview:large","max-video-preview":"max-video-preview:-1"},"canonical":"https:\/\/funtoread.com.hk\/en\/product\/9780008552725\/","og_locale":"en_US","og_type":"article","og_title":"Pok\u00e9mon Trivia Challenge: The ultimate quiz book for Pok\u00e9mon fans young and old! - Fun To Read Book Outlet","og_description":"! 8 \uff0c\uff0c. Test your Trainer knowledge with this epic trivia challenge book! With all the trivia from 8 Pok\u00e9mon regions and tons of questions to answer, this is the ultimate challenge for Pok\u00e9mon fans. Wannabe Pok\u00e9mon Masters should know their Pikachus from their Pichus, where in the world they can find a Grookey, what [&hellip;]","og_url":"https:\/\/funtoread.com.hk\/en\/product\/9780008552725\/","og_site_name":"Fun To Read Book Outlet","article_publisher":"https:\/\/www.facebook.com\/funtoreadbookooutlet","article_modified_time":"2025-07-11T15:59:36+00:00","og_image":[{"width":800,"height":800,"url":"https:\/\/shop-funtoread.oss-cn-hongkong.aliyuncs.com\/uploads\/2025\/07\/9780008552725.jpg","type":"image\/jpeg"}],"twitter_card":"summary_large_image","schema":{"@context":"https:\/\/schema.org","@graph":[{"@type":"WebPage","@id":"https:\/\/funtoread.com.hk\/en\/product\/9780008552725\/","url":"https:\/\/funtoread.com.hk\/en\/product\/9780008552725\/","name":"Pok\u00e9mon Trivia Challenge: The ultimate quiz book for Pok\u00e9mon fans young and old! - Fun To Read Book Outlet","isPartOf":{"@id":"https:\/\/funtoread.com.hk\/#website"},"datePublished":"2025-07-11T01:51:30+00:00","dateModified":"2025-07-11T15:59:36+00:00","breadcrumb":{"@id":"https:\/\/funtoread.com.hk\/en\/product\/9780008552725\/#breadcrumb"},"inLanguage":"en-US","potentialAction":[{"@type":"ReadAction","target":["https:\/\/funtoread.com.hk\/en\/product\/9780008552725\/"]}]},{"@type":"BreadcrumbList","@id":"https:\/\/funtoread.com.hk\/en\/product\/9780008552725\/#breadcrumb","itemListElement":[{"@type":"ListItem","position":1,"name":"Home","item":"https:\/\/funtoread.com.hk\/en\/"},{"@type":"ListItem","position":2,"name":"Shop","item":"https:\/\/funtoread.com.hk\/en\/shop\/"},{"@type":"ListItem","position":3,"name":"Pok\u00e9mon Trivia Challenge: The ultimate quiz book for Pok\u00e9mon fans young and old!"}]},{"@type":"WebSite","@id":"https:\/\/funtoread.com.hk\/#website","url":"https:\/\/funtoread.com.hk\/","name":"Fun To Read Book Outlet","description":"Welcome to Fun To Read Book Outlet","publisher":{"@id":"https:\/\/funtoread.com.hk\/#organization"},"alternateName":"Fun To Read","potentialAction":[{"@type":"SearchAction","target":{"@type":"EntryPoint","urlTemplate":"https:\/\/funtoread.com.hk\/?s={search_term_string}"},"query-input":"required name=search_term_string"}],"inLanguage":"en-US"},{"@type":"Organization","@id":"https:\/\/funtoread.com.hk\/#organization","name":"Fun To Read Book Outlet","alternateName":"Fun To Read","url":"https:\/\/funtoread.com.hk\/","logo":{"@type":"ImageObject","inLanguage":"en-US","@id":"https:\/\/funtoread.com.hk\/#\/schema\/logo\/image\/","url":"https:\/\/www.funtoread.com.cn\/uploads\/2018\/04\/funtoread-logo_120.png","contentUrl":"https:\/\/www.funtoread.com.cn\/uploads\/2018\/04\/funtoread-logo_120.png","width":120,"height":120,"caption":"Fun To Read Book Outlet"},"image":{"@id":"https:\/\/funtoread.com.hk\/#\/schema\/logo\/image\/"},"sameAs":["https:\/\/www.facebook.com\/funtoreadbookooutlet","https:\/\/www.instagram.com\/funtoreadbookoutlet\/"]}]}},"jetpack_sharing_enabled":true,"_links":{"self":[{"href":"https:\/\/funtoread.com.hk\/en\/wp-json\/wp\/v2\/product\/96888"}],"collection":[{"href":"https:\/\/funtoread.com.hk\/en\/wp-json\/wp\/v2\/product"}],"about":[{"href":"https:\/\/funtoread.com.hk\/en\/wp-json\/wp\/v2\/types\/product"}],"wp:featuredmedia":[{"embeddable":true,"href":"https:\/\/funtoread.com.hk\/en\/wp-json\/wp\/v2\/media\/96880"}],"wp:attachment":[{"href":"https:\/\/funtoread.com.hk\/en\/wp-json\/wp\/v2\/media?parent=96888"}],"wp:term":[{"taxonomy":"product_cat","embeddable":true,"href":"https:\/\/funtoread.com.hk\/en\/wp-json\/wp\/v2\/product_cat?post=96888"},{"taxonomy":"product_tag","embeddable":true,"href":"https:\/\/funtoread.com.hk\/en\/wp-json\/wp\/v2\/product_tag?post=96888"}],"curies":[{"name":"wp","href":"https:\/\/api.w.org\/{rel}","templated":true}]}}